{"id":87,"date":"2022-12-20T13:45:48","date_gmt":"2022-12-20T16:45:48","guid":{"rendered":"https:\/\/port.fundacaostpauls.org.br\/relatorioanual\/?page_id=87"},"modified":"2023-02-07T09:55:12","modified_gmt":"2023-02-07T12:55:12","slug":"do-diretor-da-escola","status":"publish","type":"page","link":"https:\/\/port.fundacaostpauls.org.br\/relatorioanual\/do-diretor-da-escola\/","title":{"rendered":"Do diretor da escola"},"content":{"rendered":"<p>[et_pb_section fb_built=&#8221;1&#8243; admin_label=&#8221;Header&#8221; _builder_version=&#8221;4.19.4&#8243; _module_preset=&#8221;default&#8221; background_color=&#8221;RGBA(255,255,255,0)&#8221; background_enable_image=&#8221;off&#8221; parallax=&#8221;on&#8221; custom_margin=&#8221;0px||0px||false|false&#8221; custom_padding=&#8221;0px||0px||false|false&#8221; global_module=&#8221;257&#8243; saved_tabs=&#8221;all&#8221; locked=&#8221;off&#8221; global_colors_info=&#8221;{}&#8221;][et_pb_row make_equal=&#8221;on&#8221; custom_padding_last_edited=&#8221;on|phone&#8221; _builder_version=&#8221;4.19.5&#8243; _module_preset=&#8221;default&#8221; width=&#8221;100%&#8221; max_width=&#8221;100%&#8221; module_alignment=&#8221;center&#8221; custom_margin=&#8221;0px||0px||false|false&#8221; custom_margin_tablet=&#8221;&#8221; custom_margin_phone=&#8221;&#8221; custom_margin_last_edited=&#8221;on|desktop&#8221; custom_padding=&#8221;20px|50px|20px|50px|false|false&#8221; custom_padding_tablet=&#8221;&#8221; custom_padding_phone=&#8221;|15px||15px|false|false&#8221; custom_css_main_element=&#8221;z-index: 10000000; !important&#8221; global_colors_info=&#8221;{}&#8221;][et_pb_column type=&#8221;4_4&#8243; _builder_version=&#8221;4.19.5&#8243; _module_preset=&#8221;default&#8221; custom_padding=&#8221;|0px||0px|false|false&#8221; custom_css_main_element=&#8221;margin: auto;&#8221; global_colors_info=&#8221;{}&#8221;][et_pb_menu active_link_color=&#8221;#A70433&#8243; dropdown_menu_bg_color=&#8221;#ffffff&#8221; dropdown_menu_line_color=&#8221;#0B394E&#8221; dropdown_menu_text_color=&#8221;#0B394E&#8221; dropdown_menu_active_link_color=&#8221;#A70433&#8243; mobile_menu_bg_color=&#8221;#FFFFFF&#8221; mobile_menu_text_color=&#8221;#0B394E&#8221; logo=&#8221;https:\/\/port.fundacaostpauls.org.br\/relatorioanual\/wp-content\/uploads\/2023\/01\/FundStPauls_horizontal-03.png&#8221; logo_url=&#8221;https:\/\/port.fundacaostpauls.org.br\/relatorioanual\/&#8221; logo_max_width=&#8221;20%&#8221; cart_icon_color=&#8221;#A70433&#8243; search_icon_color=&#8221;#A70433&#8243; menu_icon_color=&#8221;#A70433&#8243; menu_icon_font_size=&#8221;55px&#8221; logo_max_width_tablet=&#8221;50%&#8221; logo_max_width_phone=&#8221;60%&#8221; logo_max_width_last_edited=&#8221;on|phone&#8221; admin_label=&#8221;Menu&#8221; module_class=&#8221;menu_paginas_gerais&#8221; _builder_version=&#8221;4.19.5&#8243; _module_preset=&#8221;default&#8221; menu_font=&#8221;Archer Medium|||on|||||&#8221; menu_text_color=&#8221;#0B394E&#8221; background_color=&#8221;RGBA(255,255,255,0)&#8221; text_orientation=&#8221;right&#8221; width=&#8221;100%&#8221; module_alignment=&#8221;center&#8221; custom_margin=&#8221;|0px||0px|false|false&#8221; custom_margin_tablet=&#8221;0px|0px|0px|0px|false|false&#8221; custom_margin_phone=&#8221;25px|0px||0px|false|false&#8221; custom_margin_last_edited=&#8221;on|phone&#8221; custom_padding=&#8221;|0px||0px|false|false&#8221; menu_text_color_tablet=&#8221;#0B394E&#8221; menu_text_color_phone=&#8221;#0B394E&#8221; menu_text_color_last_edited=&#8221;on|tablet&#8221; text_orientation_tablet=&#8221;center&#8221; text_orientation_phone=&#8221;center&#8221; text_orientation_last_edited=&#8221;on|tablet&#8221; custom_css_main_element=&#8221;z-index: 999999; !important&#8221; global_colors_info=&#8221;{}&#8221; dropdown_menu_bg_color__hover_enabled=&#8221;off|desktop&#8221;][\/et_pb_menu][\/et_pb_column][\/et_pb_row][\/et_pb_section][et_pb_section fb_built=&#8221;1&#8243; custom_padding_last_edited=&#8221;on|desktop&#8221; _builder_version=&#8221;4.19.5&#8243; _module_preset=&#8221;default&#8221; background_color=&#8221;#0B394E&#8221; custom_padding_tablet=&#8221;35px||35px||false|false&#8221; custom_padding_phone=&#8221;25px||25px||false|false&#8221; hover_enabled=&#8221;0&#8243; global_colors_info=&#8221;{}&#8221; sticky_enabled=&#8221;0&#8243; locked=&#8221;off&#8221;][et_pb_row _builder_version=&#8221;4.19.4&#8243; _module_preset=&#8221;default&#8221; global_colors_info=&#8221;{}&#8221;][et_pb_column type=&#8221;4_4&#8243; _builder_version=&#8221;4.19.4&#8243; _module_preset=&#8221;default&#8221; global_colors_info=&#8221;{}&#8221;][et_pb_text _builder_version=&#8221;4.19.5&#8243; _module_preset=&#8221;default&#8221; header_font=&#8221;Archer Semibold||||||||&#8221; header_text_color=&#8221;#FFFFFF&#8221; header_font_size=&#8221;54px&#8221; hover_enabled=&#8221;0&#8243; header_font_size_tablet=&#8221;42px&#8221; header_font_size_phone=&#8221;38px&#8221; header_font_size_last_edited=&#8221;on|phone&#8221; global_colors_info=&#8221;{}&#8221; sticky_enabled=&#8221;0&#8243;]<\/p>\n<h1>Do diretor da escola<\/h1>\n<p>[\/et_pb_text][\/et_pb_column][\/et_pb_row][\/et_pb_section][et_pb_section fb_built=&#8221;1&#8243; _builder_version=&#8221;4.19.4&#8243; _module_preset=&#8221;default&#8221; custom_padding=&#8221;15px||15px||false|false&#8221; global_colors_info=&#8221;{}&#8221;][et_pb_row _builder_version=&#8221;4.19.4&#8243; _module_preset=&#8221;default&#8221; global_colors_info=&#8221;{}&#8221;][et_pb_column type=&#8221;4_4&#8243; _builder_version=&#8221;4.19.4&#8243; _module_preset=&#8221;default&#8221; custom_padding=&#8221;|||25px|false|false&#8221; border_width_left=&#8221;5px&#8221; border_color_left=&#8221;#0B394E&#8221; border_style_left=&#8221;double&#8221; global_colors_info=&#8221;{}&#8221;][et_pb_text _builder_version=&#8221;4.19.4&#8243; _module_preset=&#8221;default&#8221; text_font=&#8221;Archer Semibold||on||||||&#8221; text_text_color=&#8221;#0B394E&#8221; text_font_size=&#8221;22px&#8221; text_line_height=&#8221;26px&#8221; width=&#8221;55%&#8221; global_colors_info=&#8221;{}&#8221;]<\/p>\n<p class=\"p1\">Na Funda\u00e7\u00e3o St. Paul&#8217;s, nossa miss\u00e3o \u00e9 transformar a vida de nossos bolsistas com uma educa\u00e7\u00e3o internacional dando a eles acesso a um excelente curr\u00edculo e apoio pastoral de qualidade, em um ambiente seguro e estimulante.<span class=\"Apple-converted-space\">\u00a0<\/span><\/p>\n<p>[\/et_pb_text][\/et_pb_column][\/et_pb_row][\/et_pb_section][et_pb_section fb_built=&#8221;1&#8243; _builder_version=&#8221;4.19.4&#8243; _module_preset=&#8221;default&#8221; custom_padding=&#8221;4px||5px|||&#8221; global_colors_info=&#8221;{}&#8221;][et_pb_row _builder_version=&#8221;4.19.4&#8243; _module_preset=&#8221;default&#8221; global_colors_info=&#8221;{}&#8221;][et_pb_column type=&#8221;4_4&#8243; _builder_version=&#8221;4.19.4&#8243; _module_preset=&#8221;default&#8221; global_colors_info=&#8221;{}&#8221;][et_pb_image src=&#8221;https:\/\/port.fundacaostpauls.org.br\/relatorioanual\/wp-content\/uploads\/2022\/12\/imagens_perfil_Titus.png&#8221; title_text=&#8221;imagens_perfil_Titus&#8221; _builder_version=&#8221;4.19.4&#8243; _module_preset=&#8221;default&#8221; width=&#8221;20%&#8221; width_tablet=&#8221;35%&#8221; width_phone=&#8221;35%&#8221; width_last_edited=&#8221;on|phone&#8221; module_alignment=&#8221;left&#8221; global_colors_info=&#8221;{}&#8221;][\/et_pb_image][et_pb_text _builder_version=&#8221;4.19.4&#8243; _module_preset=&#8221;default&#8221; text_font=&#8221;Archer Book||||||||&#8221; text_text_color=&#8221;#0B394E&#8221; text_font_size=&#8221;18px&#8221; text_line_height=&#8221;10px&#8221; header_3_font=&#8221;Archer Semibold||||||||&#8221; header_3_text_color=&#8221;#A70433&#8243; header_3_font_size=&#8221;28px&#8221; header_4_font=&#8221;Archer Medium|||on|||||&#8221; header_4_text_color=&#8221;#A70433&#8243; custom_margin=&#8221;||36px|||&#8221; global_colors_info=&#8221;{}&#8221;]<\/p>\n<h4 class=\"p3\"><strong>Titus Edge<span class=\"Apple-converted-space\">\u00a0<\/span><\/strong><\/h4>\n<p class=\"p4\">Diretor da St. Paul&#8217;s School<\/p>\n<p>[\/et_pb_text][et_pb_text _builder_version=&#8221;4.19.4&#8243; _module_preset=&#8221;default&#8221; text_font=&#8221;Archer Book||||||||&#8221; text_text_color=&#8221;#0B394E&#8221; text_font_size=&#8221;18px&#8221; header_3_font=&#8221;Archer Semibold||||||||&#8221; header_3_text_color=&#8221;#0B394E&#8221; header_3_font_size=&#8221;28px&#8221; header_4_font=&#8221;Archer Medium|||on|||||&#8221; header_4_text_color=&#8221;#A70433&#8243; custom_margin=&#8221;||36px|||&#8221; global_colors_info=&#8221;{}&#8221;]<\/p>\n<h3>Uma escola cada vez mais inclusiva<\/h3>\n<p class=\"p1\">Na St. Paul\u2019s n\u00f3s acreditamos no poder transformador da educa\u00e7\u00e3o. Por quase 100 anos, a escola brilhou como um farol de excel\u00eancia acad\u00eamica, com gera\u00e7\u00f5es de Pauleans alcan\u00e7ando seu m\u00e1ximo potencial dentro da escola e pelo mundo.<span class=\"Apple-converted-space\">\u00a0<\/span><\/p>\n<p class=\"p1\">Atrav\u00e9s da Funda\u00e7\u00e3o St. Paul\u2019s, podemos agora oferecer essa oportunidade para jovens com habilidades e talentos excepcionais, independentemente de suas condi\u00e7\u00f5es financeiras. Gra\u00e7as ao forte senso de responsabilidade social entre muitas das fam\u00edlias Pauleans, o programa agora conta com 18 alunos com bolsas integrais na escola. N\u00f3s estabelecemos o ambicioso objetivo de aumentar esse n\u00famero para 50 at\u00e9 o nosso centen\u00e1rio, em 2026.<span class=\"Apple-converted-space\">\u00a0<\/span><\/p>\n<p class=\"p1\">E j\u00e1 estamos vendo os benef\u00edcios. Os estudantes est\u00e3o prosperando e acumulam conquistas em todo o curr\u00edculo, tanto em sala de aula quanto al\u00e9m dela. A comunidade est\u00e1 se tornando mais diversa e aberta a todos os talentos, contextos e culturas. Os atuais alunos s\u00e3o enriquecidos pela pluralidade de novos colegas e pela gama de aptid\u00f5es que n\u00f3s nutrimos.<span class=\"Apple-converted-space\">\u00a0<\/span><\/p>\n<p class=\"p1\">Isso s\u00f3 \u00e9 poss\u00edvel por meio da generosidade de nossos doadores. Eu sou imensamente grato por todos aqueles dentro de nossa comunidade que j\u00e1 endossaram o projeto t\u00e3o generosamente. O seu exemplo ir\u00e1 ajudar a perpetuar a cultura da filantropia na St. Paul\u2019s.<span class=\"Apple-converted-space\">\u00a0<\/span><\/p>\n<p class=\"p1\">Obrigado pelo apoio cont\u00ednuo \u00e0 Funda\u00e7\u00e3o St. Paul\u2019s, mal posso esperar para continuar trabalhando com voc\u00ea nos anos que est\u00e3o por vir.<\/p>\n<p>[\/et_pb_text][\/et_pb_column][\/et_pb_row][\/et_pb_section][et_pb_section fb_built=&#8221;1&#8243; _builder_version=&#8221;4.19.5&#8243; _module_preset=&#8221;default&#8221; custom_padding=&#8221;20px||20px||false|false&#8221; global_module=&#8221;684&#8243; saved_tabs=&#8221;all&#8221; locked=&#8221;off&#8221; global_colors_info=&#8221;{}&#8221;][et_pb_row _builder_version=&#8221;4.19.4&#8243; _module_preset=&#8221;default&#8221; global_colors_info=&#8221;{}&#8221;][et_pb_column type=&#8221;4_4&#8243; _builder_version=&#8221;4.19.4&#8243; _module_preset=&#8221;default&#8221; global_colors_info=&#8221;{}&#8221;][et_pb_post_nav prev_text=&#8221;anterior&#8221; next_text=&#8221;pr\u00f3ximo&#8221; _builder_version=&#8221;4.19.4&#8243; _module_preset=&#8221;default&#8221; title_font=&#8221;Archer Semibold|||on|||||&#8221; title_text_color=&#8221;#9E9E9E&#8221; title_font_size=&#8221;16px&#8221; global_colors_info=&#8221;{}&#8221;][\/et_pb_post_nav][\/et_pb_column][\/et_pb_row][\/et_pb_section][et_pb_section fb_built=&#8221;1&#8243; admin_label=&#8221;Footer&#8221; _builder_version=&#8221;4.19.4&#8243; _module_preset=&#8221;default&#8221; background_color=&#8221;#A70433&#8243; custom_margin=&#8221;0px||||false|false&#8221; custom_padding=&#8221;15px||35px||false|false&#8221; global_module=&#8221;251&#8243; saved_tabs=&#8221;all&#8221; locked=&#8221;off&#8221; global_colors_info=&#8221;{}&#8221;][et_pb_row column_structure=&#8221;1_3,1_3,1_3&#8243; make_equal=&#8221;on&#8221; _builder_version=&#8221;4.19.4&#8243; _module_preset=&#8221;default&#8221; custom_padding=&#8221;||0px|||&#8221; global_colors_info=&#8221;{}&#8221;][et_pb_column type=&#8221;1_3&#8243; _builder_version=&#8221;4.19.4&#8243; _module_preset=&#8221;default&#8221; custom_padding=&#8221;0px||||false|false&#8221; global_colors_info=&#8221;{}&#8221;][et_pb_image src=&#8221;https:\/\/port.fundacaostpauls.org.br\/relatorioanual\/wp-content\/uploads\/2022\/12\/stpauls_marca_branca.png&#8221; title_text=&#8221;stpauls_marca_branca&#8221; _builder_version=&#8221;4.19.4&#8243; _module_preset=&#8221;default&#8221; width=&#8221;50%&#8221; width_tablet=&#8221;30%&#8221; width_phone=&#8221;50%&#8221; width_last_edited=&#8221;on|desktop&#8221; module_alignment=&#8221;left&#8221; module_alignment_tablet=&#8221;center&#8221; module_alignment_phone=&#8221;&#8221; module_alignment_last_edited=&#8221;on|tablet&#8221; global_colors_info=&#8221;{}&#8221;][\/et_pb_image][\/et_pb_column][et_pb_column type=&#8221;1_3&#8243; _builder_version=&#8221;4.19.4&#8243; _module_preset=&#8221;default&#8221; background_color=&#8221;RGBA(255,255,255,0)&#8221; custom_padding=&#8221;0px|0px|0px|0px|true|true&#8221; global_colors_info=&#8221;{}&#8221;][et_pb_blurb title=&#8221;Endere\u00e7o&#8221; _builder_version=&#8221;4.19.5&#8243; _module_preset=&#8221;default&#8221; header_font=&#8221;Archer Semibold||||||||&#8221; header_font_size=&#8221;20px&#8221; header_line_height=&#8221;1.5em&#8221; body_font=&#8221;Archer Book||||||||&#8221; body_font_size=&#8221;18px&#8221; body_line_height=&#8221;23px&#8221; background_layout=&#8221;dark&#8221; custom_margin=&#8221;0px||||false|false&#8221; custom_padding=&#8221;0px||||false|false&#8221; header_text_align_tablet=&#8221;center&#8221; header_text_align_phone=&#8221;center&#8221; header_text_align_last_edited=&#8221;on|tablet&#8221; header_font_size_tablet=&#8221;20px&#8221; header_font_size_phone=&#8221;18px&#8221; header_font_size_last_edited=&#8221;on|phone&#8221; header_line_height_tablet=&#8221;&#8221; header_line_height_phone=&#8221;1.8em&#8221; header_line_height_last_edited=&#8221;on|phone&#8221; body_text_align_tablet=&#8221;center&#8221; body_text_align_phone=&#8221;center&#8221; body_text_align_last_edited=&#8221;on|phone&#8221; body_font_size_tablet=&#8221;&#8221; body_font_size_phone=&#8221;14px&#8221; body_font_size_last_edited=&#8221;on|phone&#8221; locked=&#8221;off&#8221; global_colors_info=&#8221;{}&#8221;]<\/p>\n<p class=\"p1\">Rua Juqui\u00e1, 166<br \/>Jardim Paulistano<br \/>S\u00e3o Paulo SP<br \/>+55 11 3087-3393<\/p>\n<p>[\/et_pb_blurb][\/et_pb_column][et_pb_column type=&#8221;1_3&#8243; _builder_version=&#8221;4.19.4&#8243; _module_preset=&#8221;default&#8221; custom_padding=&#8221;0px|0px|0px|0px|true|true&#8221; border_color_all=&#8221;RGBA(255,255,255,0)&#8221; global_colors_info=&#8221;{}&#8221;][et_pb_blurb title=&#8221;Contato&#8221; _builder_version=&#8221;4.19.4&#8243; _module_preset=&#8221;default&#8221; header_font=&#8221;Archer Semibold||||||||&#8221; header_font_size=&#8221;20px&#8221; header_line_height=&#8221;1.5em&#8221; body_font=&#8221;Archer Book||||||||&#8221; body_font_size=&#8221;18px&#8221; body_line_height=&#8221;23px&#8221; background_layout=&#8221;dark&#8221; custom_margin=&#8221;0px||||false|false&#8221; custom_padding=&#8221;0px||||false|false&#8221; header_text_align_tablet=&#8221;center&#8221; header_text_align_phone=&#8221;center&#8221; header_text_align_last_edited=&#8221;on|phone&#8221; header_font_size_tablet=&#8221;20px&#8221; header_font_size_phone=&#8221;18px&#8221; header_font_size_last_edited=&#8221;on|phone&#8221; header_line_height_tablet=&#8221;&#8221; header_line_height_phone=&#8221;1.8em&#8221; header_line_height_last_edited=&#8221;on|phone&#8221; body_text_align_tablet=&#8221;center&#8221; body_text_align_phone=&#8221;center&#8221; body_text_align_last_edited=&#8221;on|tablet&#8221; body_font_size_tablet=&#8221;&#8221; body_font_size_phone=&#8221;14px&#8221; body_font_size_last_edited=&#8221;on|phone&#8221; locked=&#8221;off&#8221; global_colors_info=&#8221;{}&#8221;]<\/p>\n<p><a href=\"mailto:contato@fundacaostpauls.org.br\">contato@fundacaostpauls.org.br<\/a><br \/><a href=\"https:\/\/port.fundacaostpauls.org.br\/\" target=\"_blank\" rel=\"noopener\">fundacaostpauls.org.br<\/a><\/p>\n<p>[\/et_pb_blurb][et_pb_social_media_follow icon_color=&#8221;#FFFFFF&#8221; _builder_version=&#8221;4.19.4&#8243; _module_preset=&#8221;default&#8221; text_orientation=&#8221;left&#8221; text_orientation_tablet=&#8221;center&#8221; text_orientation_phone=&#8221;center&#8221; text_orientation_last_edited=&#8221;on|desktop&#8221; global_colors_info=&#8221;{}&#8221;][et_pb_social_media_follow_network social_network=&#8221;facebook&#8221; url=&#8221;https:\/\/www.facebook.com\/fundacaostpauls\/&#8221; icon_color=&#8221;#FFFFFF&#8221; _builder_version=&#8221;4.19.4&#8243; _module_preset=&#8221;default&#8221; background_color=&#8221;RGBA(255,255,255,0)&#8221; background_enable_color=&#8221;on&#8221; global_colors_info=&#8221;{}&#8221; follow_button=&#8221;off&#8221; url_new_window=&#8221;on&#8221;]facebook[\/et_pb_social_media_follow_network][et_pb_social_media_follow_network social_network=&#8221;instagram&#8221; url=&#8221;https:\/\/www.instagram.com\/fundacaostpauls\/&#8221; _builder_version=&#8221;4.19.4&#8243; _module_preset=&#8221;default&#8221; background_color=&#8221;RGBA(255,255,255,0)&#8221; background_enable_color=&#8221;on&#8221; global_colors_info=&#8221;{}&#8221; follow_button=&#8221;off&#8221; url_new_window=&#8221;on&#8221;]instagram[\/et_pb_social_media_follow_network][et_pb_social_media_follow_network social_network=&#8221;linkedin&#8221; url=&#8221;https:\/\/www.linkedin.com\/company\/fundacaostpauls&#8221; _builder_version=&#8221;4.19.4&#8243; _module_preset=&#8221;default&#8221; background_color=&#8221;RGBA(255,255,255,0)&#8221; background_enable_color=&#8221;on&#8221; global_colors_info=&#8221;{}&#8221; follow_button=&#8221;off&#8221; url_new_window=&#8221;on&#8221;]linkedin[\/et_pb_social_media_follow_network][et_pb_social_media_follow_network social_network=&#8221;youtube&#8221; url=&#8221;https:\/\/www.youtube.com\/@user-lg6dg1hx1r&#8221; _builder_version=&#8221;4.19.4&#8243; _module_preset=&#8221;default&#8221; background_color=&#8221;RGBA(255,255,255,0)&#8221; background_enable_color=&#8221;on&#8221; global_colors_info=&#8221;{}&#8221; follow_button=&#8221;off&#8221; url_new_window=&#8221;on&#8221;]youtube[\/et_pb_social_media_follow_network][\/et_pb_social_media_follow][\/et_pb_column][\/et_pb_row][\/et_pb_section][et_pb_section fb_built=&#8221;1&#8243; _builder_version=&#8221;4.19.4&#8243; _module_preset=&#8221;default&#8221; custom_margin=&#8221;0px||0px||false|false&#8221; custom_padding=&#8221;0px||0px||false|false&#8221; global_module=&#8221;776&#8243; saved_tabs=&#8221;all&#8221; locked=&#8221;off&#8221; global_colors_info=&#8221;{}&#8221;][et_pb_row _builder_version=&#8221;4.19.5&#8243; _module_preset=&#8221;default&#8221; custom_margin=&#8221;0px||0px||false|false&#8221; custom_padding=&#8221;10px||10px||false|false&#8221; global_colors_info=&#8221;{}&#8221;][et_pb_column type=&#8221;4_4&#8243; _builder_version=&#8221;4.19.4&#8243; _module_preset=&#8221;default&#8221; global_colors_info=&#8221;{}&#8221;][et_pb_text _builder_version=&#8221;4.19.5&#8243; _module_preset=&#8221;default&#8221; text_orientation_tablet=&#8221;center&#8221; text_orientation_phone=&#8221;center&#8221; text_orientation_last_edited=&#8221;on|desktop&#8221; global_colors_info=&#8221;{}&#8221;]<\/p>\n<p><span>\u00a9 2023 St. Paul&#8217;s. Desenvolvido por <a href=\"https:\/\/tresdesign.studio\/\" target=\"_blank\" rel=\"noopener\">tr\u00eas design<\/a><\/span><\/p>\n<p>[\/et_pb_text][\/et_pb_column][\/et_pb_row][\/et_pb_section]<\/p>\n","protected":false},"excerpt":{"rendered":"<p>Do diretor da escolaNa Funda\u00e7\u00e3o St. Paul&#8217;s, nossa miss\u00e3o \u00e9 transformar a vida de nossos bolsistas com uma educa\u00e7\u00e3o internacional dando a eles acesso a um excelente curr\u00edculo e apoio pastoral de qualidade, em um ambiente seguro e estimulante.\u00a0Titus Edge\u00a0 Diretor da St. Paul&#8217;s SchoolUma escola cada vez mais inclusiva Na St. Paul\u2019s n\u00f3s acreditamos [&hellip;]<\/p>\n","protected":false},"author":2,"featured_media":0,"parent":0,"menu_order":10,"comment_status":"closed","ping_status":"closed","template":"page-template-blank.php","meta":{"_et_pb_use_builder":"on","_et_pb_old_content":"","_et_gb_content_width":"","footnotes":""},"class_list":["post-87","page","type-page","status-publish","hentry"],"_links":{"self":[{"href":"https:\/\/port.fundacaostpauls.org.br\/relatorioanual\/wp-json\/wp\/v2\/pages\/87","targetHints":{"allow":["GET"]}}],"collection":[{"href":"https:\/\/port.fundacaostpauls.org.br\/relatorioanual\/wp-json\/wp\/v2\/pages"}],"about":[{"href":"https:\/\/port.fundacaostpauls.org.br\/relatorioanual\/wp-json\/wp\/v2\/types\/page"}],"author":[{"embeddable":true,"href":"https:\/\/port.fundacaostpauls.org.br\/relatorioanual\/wp-json\/wp\/v2\/users\/2"}],"replies":[{"embeddable":true,"href":"https:\/\/port.fundacaostpauls.org.br\/relatorioanual\/wp-json\/wp\/v2\/comments?post=87"}],"version-history":[{"count":20,"href":"https:\/\/port.fundacaostpauls.org.br\/relatorioanual\/wp-json\/wp\/v2\/pages\/87\/revisions"}],"predecessor-version":[{"id":111445,"href":"https:\/\/port.fundacaostpauls.org.br\/relatorioanual\/wp-json\/wp\/v2\/pages\/87\/revisions\/111445"}],"wp:attachment":[{"href":"https:\/\/port.fundacaostpauls.org.br\/relatorioanual\/wp-json\/wp\/v2\/media?parent=87"}],"curies":[{"name":"wp","href":"https:\/\/api.w.org\/{rel}","templated":true}]}}