{"id":170,"date":"2022-12-21T09:44:37","date_gmt":"2022-12-21T12:44:37","guid":{"rendered":"https:\/\/port.fundacaostpauls.org.br\/relatorioanual\/?page_id=170"},"modified":"2023-02-07T10:10:10","modified_gmt":"2023-02-07T13:10:10","slug":"resultados-financeiros","status":"publish","type":"page","link":"https:\/\/port.fundacaostpauls.org.br\/relatorioanual\/resultados-financeiros\/","title":{"rendered":"Resultados Financeiros"},"content":{"rendered":"<p>[et_pb_section fb_built=&#8221;1&#8243; admin_label=&#8221;Header&#8221; _builder_version=&#8221;4.19.4&#8243; _module_preset=&#8221;default&#8221; background_color=&#8221;RGBA(255,255,255,0)&#8221; background_enable_image=&#8221;off&#8221; parallax=&#8221;on&#8221; custom_margin=&#8221;0px||0px||false|false&#8221; custom_padding=&#8221;0px||0px||false|false&#8221; global_module=&#8221;257&#8243; saved_tabs=&#8221;all&#8221; locked=&#8221;off&#8221; global_colors_info=&#8221;{}&#8221;][et_pb_row make_equal=&#8221;on&#8221; custom_padding_last_edited=&#8221;on|phone&#8221; _builder_version=&#8221;4.19.5&#8243; _module_preset=&#8221;default&#8221; width=&#8221;100%&#8221; max_width=&#8221;100%&#8221; module_alignment=&#8221;center&#8221; custom_margin=&#8221;0px||0px||false|false&#8221; custom_margin_tablet=&#8221;&#8221; custom_margin_phone=&#8221;&#8221; custom_margin_last_edited=&#8221;on|desktop&#8221; custom_padding=&#8221;20px|50px|20px|50px|false|false&#8221; custom_padding_tablet=&#8221;&#8221; custom_padding_phone=&#8221;|15px||15px|false|false&#8221; custom_css_main_element=&#8221;z-index: 10000000; !important&#8221; global_colors_info=&#8221;{}&#8221;][et_pb_column type=&#8221;4_4&#8243; _builder_version=&#8221;4.19.5&#8243; _module_preset=&#8221;default&#8221; custom_padding=&#8221;|0px||0px|false|false&#8221; custom_css_main_element=&#8221;margin: auto;&#8221; global_colors_info=&#8221;{}&#8221;][et_pb_menu active_link_color=&#8221;#A70433&#8243; dropdown_menu_bg_color=&#8221;#ffffff&#8221; dropdown_menu_line_color=&#8221;#0B394E&#8221; dropdown_menu_text_color=&#8221;#0B394E&#8221; dropdown_menu_active_link_color=&#8221;#A70433&#8243; mobile_menu_bg_color=&#8221;#FFFFFF&#8221; mobile_menu_text_color=&#8221;#0B394E&#8221; logo=&#8221;https:\/\/port.fundacaostpauls.org.br\/relatorioanual\/wp-content\/uploads\/2023\/01\/FundStPauls_horizontal-03.png&#8221; logo_url=&#8221;https:\/\/port.fundacaostpauls.org.br\/relatorioanual\/&#8221; logo_max_width=&#8221;20%&#8221; cart_icon_color=&#8221;#A70433&#8243; search_icon_color=&#8221;#A70433&#8243; menu_icon_color=&#8221;#A70433&#8243; menu_icon_font_size=&#8221;55px&#8221; logo_max_width_tablet=&#8221;50%&#8221; logo_max_width_phone=&#8221;60%&#8221; logo_max_width_last_edited=&#8221;on|phone&#8221; admin_label=&#8221;Menu&#8221; module_class=&#8221;menu_paginas_gerais&#8221; _builder_version=&#8221;4.19.5&#8243; _module_preset=&#8221;default&#8221; menu_font=&#8221;Archer Medium|||on|||||&#8221; menu_text_color=&#8221;#0B394E&#8221; background_color=&#8221;RGBA(255,255,255,0)&#8221; text_orientation=&#8221;right&#8221; width=&#8221;100%&#8221; module_alignment=&#8221;center&#8221; custom_margin=&#8221;|0px||0px|false|false&#8221; custom_margin_tablet=&#8221;0px|0px|0px|0px|false|false&#8221; custom_margin_phone=&#8221;25px|0px||0px|false|false&#8221; custom_margin_last_edited=&#8221;on|phone&#8221; custom_padding=&#8221;|0px||0px|false|false&#8221; menu_text_color_tablet=&#8221;#0B394E&#8221; menu_text_color_phone=&#8221;#0B394E&#8221; menu_text_color_last_edited=&#8221;on|tablet&#8221; text_orientation_tablet=&#8221;center&#8221; text_orientation_phone=&#8221;center&#8221; text_orientation_last_edited=&#8221;on|tablet&#8221; custom_css_main_element=&#8221;z-index: 999999; !important&#8221; global_colors_info=&#8221;{}&#8221; dropdown_menu_bg_color__hover_enabled=&#8221;off|desktop&#8221;][\/et_pb_menu][\/et_pb_column][\/et_pb_row][\/et_pb_section][et_pb_section fb_built=&#8221;1&#8243; custom_padding_last_edited=&#8221;on|desktop&#8221; _builder_version=&#8221;4.19.5&#8243; _module_preset=&#8221;default&#8221; background_color=&#8221;#0B394E&#8221; custom_padding_tablet=&#8221;35px||35px||false|false&#8221; custom_padding_phone=&#8221;25px||25px||false|false&#8221; hover_enabled=&#8221;0&#8243; global_colors_info=&#8221;{}&#8221; sticky_enabled=&#8221;0&#8243; locked=&#8221;off&#8221;][et_pb_row _builder_version=&#8221;4.19.4&#8243; _module_preset=&#8221;default&#8221; global_colors_info=&#8221;{}&#8221;][et_pb_column type=&#8221;4_4&#8243; _builder_version=&#8221;4.19.4&#8243; _module_preset=&#8221;default&#8221; global_colors_info=&#8221;{}&#8221;][et_pb_text _builder_version=&#8221;4.19.5&#8243; _module_preset=&#8221;default&#8221; header_font=&#8221;Archer Semibold||||||||&#8221; header_text_color=&#8221;#FFFFFF&#8221; header_font_size=&#8221;54px&#8221; hover_enabled=&#8221;0&#8243; header_font_size_tablet=&#8221;42px&#8221; header_font_size_phone=&#8221;38px&#8221; header_font_size_last_edited=&#8221;on|phone&#8221; global_colors_info=&#8221;{}&#8221; sticky_enabled=&#8221;0&#8243;]<\/p>\n<h1>Resultados financeiros<\/h1>\n<p>[\/et_pb_text][\/et_pb_column][\/et_pb_row][\/et_pb_section][et_pb_section fb_built=&#8221;1&#8243; _builder_version=&#8221;4.19.4&#8243; _module_preset=&#8221;default&#8221; background_color=&#8221;#f7f7f7&#8243; custom_padding=&#8221;34px|||||&#8221; global_colors_info=&#8221;{}&#8221;][et_pb_row _builder_version=&#8221;4.19.4&#8243; _module_preset=&#8221;default&#8221; width=&#8221;76%&#8221; global_colors_info=&#8221;{}&#8221;][et_pb_column type=&#8221;4_4&#8243; _builder_version=&#8221;4.19.4&#8243; _module_preset=&#8221;default&#8221; global_colors_info=&#8221;{}&#8221;][et_pb_text _builder_version=&#8221;4.19.4&#8243; _module_preset=&#8221;default&#8221; text_font=&#8221;Archer Medium||||||||&#8221; text_text_color=&#8221;#0B394E&#8221; text_font_size=&#8221;22px&#8221; text_line_height=&#8221;26px&#8221; width=&#8221;100%&#8221; module_alignment=&#8221;center&#8221; locked=&#8221;off&#8221; global_colors_info=&#8221;{}&#8221;]<\/p>\n<p class=\"p1\">Com reserva de caixa, doa\u00e7\u00f5es e contribui\u00e7\u00e3o do St. Paul&#8217;s Endowment, a Funda\u00e7\u00e3o St. Paul&#8217;s cumpriu com suas obriga\u00e7\u00f5es financeiras no exerc\u00edcio fiscal 21\/22, honrando seus custos com os nove bolsistas do per\u00edodo e demais despesas. Confira abaixo.<\/p>\n<p>[\/et_pb_text][et_pb_toggle title=&#8221;Despesas educacionais com bolsistas (R$)&#8221; open_toggle_text_color=&#8221;#A70433&#8243; closed_toggle_text_color=&#8221;#A70433&#8243; icon_color=&#8221;#A70433&#8243; open_icon_color=&#8221;#A70433&#8243; _builder_version=&#8221;4.19.4&#8243; _module_preset=&#8221;default&#8221; title_text_color=&#8221;#A70433&#8243; title_font=&#8221;|||on|||||&#8221; title_font_size=&#8221;18px&#8221; closed_title_font_size=&#8221;18px&#8221; background_color=&#8221;RGBA(255,255,255,0)&#8221; text_orientation=&#8221;left&#8221; width=&#8221;80%&#8221; border_color_all=&#8221;#A70433&#8243; global_colors_info=&#8221;{}&#8221;]<\/p>\n<p><img loading=\"lazy\" decoding=\"async\" src=\"https:\/\/port.fundacaostpauls.org.br\/relatorioanual\/wp-content\/uploads\/2023\/01\/Resultados_4-2.png\" width=\"1748\" height=\"1138\" alt=\"\" class=\"wp-image-431 alignnone size-full\" srcset=\"https:\/\/port.fundacaostpauls.org.br\/relatorioanual\/wp-content\/uploads\/2023\/01\/Resultados_4-2.png 1748w, https:\/\/port.fundacaostpauls.org.br\/relatorioanual\/wp-content\/uploads\/2023\/01\/Resultados_4-2-1280x833.png 1280w, https:\/\/port.fundacaostpauls.org.br\/relatorioanual\/wp-content\/uploads\/2023\/01\/Resultados_4-2-980x638.png 980w, https:\/\/port.fundacaostpauls.org.br\/relatorioanual\/wp-content\/uploads\/2023\/01\/Resultados_4-2-480x312.png 480w\" sizes=\"auto, (min-width: 0px) and (max-width: 480px) 480px, (min-width: 481px) and (max-width: 980px) 980px, (min-width: 981px) and (max-width: 1280px) 1280px, (min-width: 1281px) 1748px, 100vw\" \/><\/p>\n<p>[\/et_pb_toggle][et_pb_toggle title=&#8221;Despesas Administrativas e Operacionais (R$)&#8221; open_toggle_text_color=&#8221;#A70433&#8243; closed_toggle_text_color=&#8221;#A70433&#8243; icon_color=&#8221;#A70433&#8243; open_icon_color=&#8221;#A70433&#8243; _builder_version=&#8221;4.19.4&#8243; _module_preset=&#8221;default&#8221; title_text_color=&#8221;#A70433&#8243; title_font=&#8221;|||on|||||&#8221; title_font_size=&#8221;18px&#8221; closed_title_font_size=&#8221;18px&#8221; background_color=&#8221;RGBA(255,255,255,0)&#8221; text_orientation=&#8221;left&#8221; width=&#8221;80%&#8221; border_color_all=&#8221;#A70433&#8243; global_colors_info=&#8221;{}&#8221;]<\/p>\n<p><img loading=\"lazy\" decoding=\"async\" src=\"https:\/\/port.fundacaostpauls.org.br\/relatorioanual\/wp-content\/uploads\/2023\/01\/Resultados_5.png\" width=\"1748\" height=\"1400\" alt=\"\" class=\"wp-image-433 alignnone size-full\" srcset=\"https:\/\/port.fundacaostpauls.org.br\/relatorioanual\/wp-content\/uploads\/2023\/01\/Resultados_5.png 1748w, https:\/\/port.fundacaostpauls.org.br\/relatorioanual\/wp-content\/uploads\/2023\/01\/Resultados_5-1280x1025.png 1280w, https:\/\/port.fundacaostpauls.org.br\/relatorioanual\/wp-content\/uploads\/2023\/01\/Resultados_5-980x785.png 980w, https:\/\/port.fundacaostpauls.org.br\/relatorioanual\/wp-content\/uploads\/2023\/01\/Resultados_5-480x384.png 480w\" sizes=\"auto, (min-width: 0px) and (max-width: 480px) 480px, (min-width: 481px) and (max-width: 980px) 980px, (min-width: 981px) and (max-width: 1280px) 1280px, (min-width: 1281px) 1748px, 100vw\" \/><\/p>\n<p>[\/et_pb_toggle][et_pb_toggle title=&#8221;receitas (R$)&#8221; open_toggle_text_color=&#8221;#A70433&#8243; closed_toggle_text_color=&#8221;#A70433&#8243; icon_color=&#8221;#A70433&#8243; open_icon_color=&#8221;#A70433&#8243; _builder_version=&#8221;4.19.4&#8243; _module_preset=&#8221;default&#8221; title_text_color=&#8221;#A70433&#8243; title_font=&#8221;|||on|||||&#8221; title_font_size=&#8221;18px&#8221; closed_title_font_size=&#8221;18px&#8221; background_color=&#8221;RGBA(255,255,255,0)&#8221; text_orientation=&#8221;left&#8221; width=&#8221;80%&#8221; border_color_all=&#8221;#A70433&#8243; global_colors_info=&#8221;{}&#8221;]<\/p>\n<p><img loading=\"lazy\" decoding=\"async\" src=\"https:\/\/port.fundacaostpauls.org.br\/relatorioanual\/wp-content\/uploads\/2023\/01\/Resultados_6-1.png\" width=\"1748\" height=\"1130\" alt=\"\" class=\"wp-image-435 alignnone size-full\" srcset=\"https:\/\/port.fundacaostpauls.org.br\/relatorioanual\/wp-content\/uploads\/2023\/01\/Resultados_6-1.png 1748w, https:\/\/port.fundacaostpauls.org.br\/relatorioanual\/wp-content\/uploads\/2023\/01\/Resultados_6-1-1280x827.png 1280w, https:\/\/port.fundacaostpauls.org.br\/relatorioanual\/wp-content\/uploads\/2023\/01\/Resultados_6-1-980x634.png 980w, https:\/\/port.fundacaostpauls.org.br\/relatorioanual\/wp-content\/uploads\/2023\/01\/Resultados_6-1-480x310.png 480w\" sizes=\"auto, (min-width: 0px) and (max-width: 480px) 480px, (min-width: 481px) and (max-width: 980px) 980px, (min-width: 981px) and (max-width: 1280px) 1280px, (min-width: 1281px) 1748px, 100vw\" \/><\/p>\n<p>[\/et_pb_toggle][\/et_pb_column][\/et_pb_row][\/et_pb_section][et_pb_section fb_built=&#8221;1&#8243; _builder_version=&#8221;4.19.5&#8243; _module_preset=&#8221;default&#8221; custom_padding=&#8221;20px||20px||false|false&#8221; global_module=&#8221;684&#8243; saved_tabs=&#8221;all&#8221; locked=&#8221;off&#8221; global_colors_info=&#8221;{}&#8221;][et_pb_row _builder_version=&#8221;4.19.4&#8243; _module_preset=&#8221;default&#8221; global_colors_info=&#8221;{}&#8221;][et_pb_column type=&#8221;4_4&#8243; _builder_version=&#8221;4.19.4&#8243; _module_preset=&#8221;default&#8221; global_colors_info=&#8221;{}&#8221;][et_pb_post_nav prev_text=&#8221;anterior&#8221; next_text=&#8221;pr\u00f3ximo&#8221; _builder_version=&#8221;4.19.4&#8243; _module_preset=&#8221;default&#8221; title_font=&#8221;Archer Semibold|||on|||||&#8221; title_text_color=&#8221;#9E9E9E&#8221; title_font_size=&#8221;16px&#8221; global_colors_info=&#8221;{}&#8221;][\/et_pb_post_nav][\/et_pb_column][\/et_pb_row][\/et_pb_section][et_pb_section fb_built=&#8221;1&#8243; admin_label=&#8221;Footer&#8221; _builder_version=&#8221;4.19.4&#8243; _module_preset=&#8221;default&#8221; background_color=&#8221;#A70433&#8243; custom_margin=&#8221;0px||||false|false&#8221; custom_padding=&#8221;15px||35px||false|false&#8221; global_module=&#8221;251&#8243; saved_tabs=&#8221;all&#8221; locked=&#8221;off&#8221; global_colors_info=&#8221;{}&#8221;][et_pb_row column_structure=&#8221;1_3,1_3,1_3&#8243; make_equal=&#8221;on&#8221; _builder_version=&#8221;4.19.4&#8243; _module_preset=&#8221;default&#8221; custom_padding=&#8221;||0px|||&#8221; global_colors_info=&#8221;{}&#8221;][et_pb_column type=&#8221;1_3&#8243; _builder_version=&#8221;4.19.4&#8243; _module_preset=&#8221;default&#8221; custom_padding=&#8221;0px||||false|false&#8221; global_colors_info=&#8221;{}&#8221;][et_pb_image src=&#8221;https:\/\/port.fundacaostpauls.org.br\/relatorioanual\/wp-content\/uploads\/2022\/12\/stpauls_marca_branca.png&#8221; title_text=&#8221;stpauls_marca_branca&#8221; _builder_version=&#8221;4.19.4&#8243; _module_preset=&#8221;default&#8221; width=&#8221;50%&#8221; width_tablet=&#8221;30%&#8221; width_phone=&#8221;50%&#8221; width_last_edited=&#8221;on|desktop&#8221; module_alignment=&#8221;left&#8221; module_alignment_tablet=&#8221;center&#8221; module_alignment_phone=&#8221;&#8221; module_alignment_last_edited=&#8221;on|tablet&#8221; global_colors_info=&#8221;{}&#8221;][\/et_pb_image][\/et_pb_column][et_pb_column type=&#8221;1_3&#8243; _builder_version=&#8221;4.19.4&#8243; _module_preset=&#8221;default&#8221; background_color=&#8221;RGBA(255,255,255,0)&#8221; custom_padding=&#8221;0px|0px|0px|0px|true|true&#8221; global_colors_info=&#8221;{}&#8221;][et_pb_blurb title=&#8221;Endere\u00e7o&#8221; _builder_version=&#8221;4.19.5&#8243; _module_preset=&#8221;default&#8221; header_font=&#8221;Archer Semibold||||||||&#8221; header_font_size=&#8221;20px&#8221; header_line_height=&#8221;1.5em&#8221; body_font=&#8221;Archer Book||||||||&#8221; body_font_size=&#8221;18px&#8221; body_line_height=&#8221;23px&#8221; background_layout=&#8221;dark&#8221; custom_margin=&#8221;0px||||false|false&#8221; custom_padding=&#8221;0px||||false|false&#8221; header_text_align_tablet=&#8221;center&#8221; header_text_align_phone=&#8221;center&#8221; header_text_align_last_edited=&#8221;on|tablet&#8221; header_font_size_tablet=&#8221;20px&#8221; header_font_size_phone=&#8221;18px&#8221; header_font_size_last_edited=&#8221;on|phone&#8221; header_line_height_tablet=&#8221;&#8221; header_line_height_phone=&#8221;1.8em&#8221; header_line_height_last_edited=&#8221;on|phone&#8221; body_text_align_tablet=&#8221;center&#8221; body_text_align_phone=&#8221;center&#8221; body_text_align_last_edited=&#8221;on|phone&#8221; body_font_size_tablet=&#8221;&#8221; body_font_size_phone=&#8221;14px&#8221; body_font_size_last_edited=&#8221;on|phone&#8221; locked=&#8221;off&#8221; global_colors_info=&#8221;{}&#8221;]<\/p>\n<p class=\"p1\">Rua Juqui\u00e1, 166<br \/>Jardim Paulistano<br \/>S\u00e3o Paulo SP<br \/>+55 11 3087-3393<\/p>\n<p>[\/et_pb_blurb][\/et_pb_column][et_pb_column type=&#8221;1_3&#8243; _builder_version=&#8221;4.19.4&#8243; _module_preset=&#8221;default&#8221; custom_padding=&#8221;0px|0px|0px|0px|true|true&#8221; border_color_all=&#8221;RGBA(255,255,255,0)&#8221; global_colors_info=&#8221;{}&#8221;][et_pb_blurb title=&#8221;Contato&#8221; _builder_version=&#8221;4.19.4&#8243; _module_preset=&#8221;default&#8221; header_font=&#8221;Archer Semibold||||||||&#8221; header_font_size=&#8221;20px&#8221; header_line_height=&#8221;1.5em&#8221; body_font=&#8221;Archer Book||||||||&#8221; body_font_size=&#8221;18px&#8221; body_line_height=&#8221;23px&#8221; background_layout=&#8221;dark&#8221; custom_margin=&#8221;0px||||false|false&#8221; custom_padding=&#8221;0px||||false|false&#8221; header_text_align_tablet=&#8221;center&#8221; header_text_align_phone=&#8221;center&#8221; header_text_align_last_edited=&#8221;on|phone&#8221; header_font_size_tablet=&#8221;20px&#8221; header_font_size_phone=&#8221;18px&#8221; header_font_size_last_edited=&#8221;on|phone&#8221; header_line_height_tablet=&#8221;&#8221; header_line_height_phone=&#8221;1.8em&#8221; header_line_height_last_edited=&#8221;on|phone&#8221; body_text_align_tablet=&#8221;center&#8221; body_text_align_phone=&#8221;center&#8221; body_text_align_last_edited=&#8221;on|tablet&#8221; body_font_size_tablet=&#8221;&#8221; body_font_size_phone=&#8221;14px&#8221; body_font_size_last_edited=&#8221;on|phone&#8221; locked=&#8221;off&#8221; global_colors_info=&#8221;{}&#8221;]<\/p>\n<p><a href=\"mailto:contato@fundacaostpauls.org.br\">contato@fundacaostpauls.org.br<\/a><br \/><a href=\"https:\/\/port.fundacaostpauls.org.br\/\" target=\"_blank\" rel=\"noopener\">fundacaostpauls.org.br<\/a><\/p>\n<p>[\/et_pb_blurb][et_pb_social_media_follow icon_color=&#8221;#FFFFFF&#8221; _builder_version=&#8221;4.19.4&#8243; _module_preset=&#8221;default&#8221; text_orientation=&#8221;left&#8221; text_orientation_tablet=&#8221;center&#8221; text_orientation_phone=&#8221;center&#8221; text_orientation_last_edited=&#8221;on|desktop&#8221; global_colors_info=&#8221;{}&#8221;][et_pb_social_media_follow_network social_network=&#8221;facebook&#8221; url=&#8221;https:\/\/www.facebook.com\/fundacaostpauls\/&#8221; icon_color=&#8221;#FFFFFF&#8221; _builder_version=&#8221;4.19.4&#8243; _module_preset=&#8221;default&#8221; background_color=&#8221;RGBA(255,255,255,0)&#8221; background_enable_color=&#8221;on&#8221; global_colors_info=&#8221;{}&#8221; follow_button=&#8221;off&#8221; url_new_window=&#8221;on&#8221;]facebook[\/et_pb_social_media_follow_network][et_pb_social_media_follow_network social_network=&#8221;instagram&#8221; url=&#8221;https:\/\/www.instagram.com\/fundacaostpauls\/&#8221; _builder_version=&#8221;4.19.4&#8243; _module_preset=&#8221;default&#8221; background_color=&#8221;RGBA(255,255,255,0)&#8221; background_enable_color=&#8221;on&#8221; global_colors_info=&#8221;{}&#8221; follow_button=&#8221;off&#8221; url_new_window=&#8221;on&#8221;]instagram[\/et_pb_social_media_follow_network][et_pb_social_media_follow_network social_network=&#8221;linkedin&#8221; url=&#8221;https:\/\/www.linkedin.com\/company\/fundacaostpauls&#8221; _builder_version=&#8221;4.19.4&#8243; _module_preset=&#8221;default&#8221; background_color=&#8221;RGBA(255,255,255,0)&#8221; background_enable_color=&#8221;on&#8221; global_colors_info=&#8221;{}&#8221; follow_button=&#8221;off&#8221; url_new_window=&#8221;on&#8221;]linkedin[\/et_pb_social_media_follow_network][et_pb_social_media_follow_network social_network=&#8221;youtube&#8221; url=&#8221;https:\/\/www.youtube.com\/@user-lg6dg1hx1r&#8221; _builder_version=&#8221;4.19.4&#8243; _module_preset=&#8221;default&#8221; background_color=&#8221;RGBA(255,255,255,0)&#8221; background_enable_color=&#8221;on&#8221; global_colors_info=&#8221;{}&#8221; follow_button=&#8221;off&#8221; url_new_window=&#8221;on&#8221;]youtube[\/et_pb_social_media_follow_network][\/et_pb_social_media_follow][\/et_pb_column][\/et_pb_row][\/et_pb_section][et_pb_section fb_built=&#8221;1&#8243; _builder_version=&#8221;4.19.4&#8243; _module_preset=&#8221;default&#8221; custom_margin=&#8221;0px||0px||false|false&#8221; custom_padding=&#8221;0px||0px||false|false&#8221; global_module=&#8221;776&#8243; saved_tabs=&#8221;all&#8221; locked=&#8221;off&#8221; global_colors_info=&#8221;{}&#8221;][et_pb_row _builder_version=&#8221;4.19.5&#8243; _module_preset=&#8221;default&#8221; custom_margin=&#8221;0px||0px||false|false&#8221; custom_padding=&#8221;10px||10px||false|false&#8221; global_colors_info=&#8221;{}&#8221;][et_pb_column type=&#8221;4_4&#8243; _builder_version=&#8221;4.19.4&#8243; _module_preset=&#8221;default&#8221; global_colors_info=&#8221;{}&#8221;][et_pb_text _builder_version=&#8221;4.19.5&#8243; _module_preset=&#8221;default&#8221; text_orientation_tablet=&#8221;center&#8221; text_orientation_phone=&#8221;center&#8221; text_orientation_last_edited=&#8221;on|desktop&#8221; global_colors_info=&#8221;{}&#8221;]<\/p>\n<p><span>\u00a9 2023 St. Paul&#8217;s. Desenvolvido por <a href=\"https:\/\/tresdesign.studio\/\" target=\"_blank\" rel=\"noopener\">tr\u00eas design<\/a><\/span><\/p>\n<p>[\/et_pb_text][\/et_pb_column][\/et_pb_row][\/et_pb_section]<\/p>\n","protected":false},"excerpt":{"rendered":"<p>Resultados financeirosCom reserva de caixa, doa\u00e7\u00f5es e contribui\u00e7\u00e3o do St. Paul&#8217;s Endowment, a Funda\u00e7\u00e3o St. Paul&#8217;s cumpriu com suas obriga\u00e7\u00f5es financeiras no exerc\u00edcio fiscal 21\/22, honrando seus custos com os nove bolsistas do per\u00edodo e demais despesas. Confira abaixo.Rua Juqui\u00e1, 166Jardim PaulistanoS\u00e3o Paulo SP+55 11 3087-3393contato@fundacaostpauls.org.brfundacaostpauls.org.br\u00a9 2023 St. Paul&#8217;s. Desenvolvido por tr\u00eas design<\/p>\n","protected":false},"author":2,"featured_media":0,"parent":0,"menu_order":2,"comment_status":"closed","ping_status":"closed","template":"page-template-blank.php","meta":{"_et_pb_use_builder":"on","_et_pb_old_content":"","_et_gb_content_width":"","footnotes":""},"class_list":["post-170","page","type-page","status-publish","hentry"],"_links":{"self":[{"href":"https:\/\/port.fundacaostpauls.org.br\/relatorioanual\/wp-json\/wp\/v2\/pages\/170","targetHints":{"allow":["GET"]}}],"collection":[{"href":"https:\/\/port.fundacaostpauls.org.br\/relatorioanual\/wp-json\/wp\/v2\/pages"}],"about":[{"href":"https:\/\/port.fundacaostpauls.org.br\/relatorioanual\/wp-json\/wp\/v2\/types\/page"}],"author":[{"embeddable":true,"href":"https:\/\/port.fundacaostpauls.org.br\/relatorioanual\/wp-json\/wp\/v2\/users\/2"}],"replies":[{"embeddable":true,"href":"https:\/\/port.fundacaostpauls.org.br\/relatorioanual\/wp-json\/wp\/v2\/comments?post=170"}],"version-history":[{"count":18,"href":"https:\/\/port.fundacaostpauls.org.br\/relatorioanual\/wp-json\/wp\/v2\/pages\/170\/revisions"}],"predecessor-version":[{"id":111465,"href":"https:\/\/port.fundacaostpauls.org.br\/relatorioanual\/wp-json\/wp\/v2\/pages\/170\/revisions\/111465"}],"wp:attachment":[{"href":"https:\/\/port.fundacaostpauls.org.br\/relatorioanual\/wp-json\/wp\/v2\/media?parent=170"}],"curies":[{"name":"wp","href":"https:\/\/api.w.org\/{rel}","templated":true}]}}