{"id":126,"date":"2022-12-20T14:49:24","date_gmt":"2022-12-20T17:49:24","guid":{"rendered":"https:\/\/port.fundacaostpauls.org.br\/relatorioanual\/?page_id=126"},"modified":"2023-02-07T10:00:37","modified_gmt":"2023-02-07T13:00:37","slug":"processo-seletivo-2022-23","status":"publish","type":"page","link":"https:\/\/port.fundacaostpauls.org.br\/relatorioanual\/processo-seletivo-2022-23\/","title":{"rendered":"Processo Seletivo 2022-23"},"content":{"rendered":"<p>[et_pb_section fb_built=&#8221;1&#8243; admin_label=&#8221;Header&#8221; _builder_version=&#8221;4.19.4&#8243; _module_preset=&#8221;default&#8221; background_color=&#8221;RGBA(255,255,255,0)&#8221; background_enable_image=&#8221;off&#8221; parallax=&#8221;on&#8221; custom_margin=&#8221;0px||0px||false|false&#8221; custom_padding=&#8221;0px||0px||false|false&#8221; global_module=&#8221;257&#8243; saved_tabs=&#8221;all&#8221; locked=&#8221;off&#8221; global_colors_info=&#8221;{}&#8221;][et_pb_row make_equal=&#8221;on&#8221; custom_padding_last_edited=&#8221;on|phone&#8221; _builder_version=&#8221;4.19.5&#8243; _module_preset=&#8221;default&#8221; width=&#8221;100%&#8221; max_width=&#8221;100%&#8221; module_alignment=&#8221;center&#8221; custom_margin=&#8221;0px||0px||false|false&#8221; custom_margin_tablet=&#8221;&#8221; custom_margin_phone=&#8221;&#8221; custom_margin_last_edited=&#8221;on|desktop&#8221; custom_padding=&#8221;20px|50px|20px|50px|false|false&#8221; custom_padding_tablet=&#8221;&#8221; custom_padding_phone=&#8221;|15px||15px|false|false&#8221; custom_css_main_element=&#8221;z-index: 10000000; !important&#8221; global_colors_info=&#8221;{}&#8221;][et_pb_column type=&#8221;4_4&#8243; _builder_version=&#8221;4.19.5&#8243; _module_preset=&#8221;default&#8221; custom_padding=&#8221;|0px||0px|false|false&#8221; custom_css_main_element=&#8221;margin: auto;&#8221; global_colors_info=&#8221;{}&#8221;][et_pb_menu active_link_color=&#8221;#A70433&#8243; dropdown_menu_bg_color=&#8221;#ffffff&#8221; dropdown_menu_line_color=&#8221;#0B394E&#8221; dropdown_menu_text_color=&#8221;#0B394E&#8221; dropdown_menu_active_link_color=&#8221;#A70433&#8243; mobile_menu_bg_color=&#8221;#FFFFFF&#8221; mobile_menu_text_color=&#8221;#0B394E&#8221; logo=&#8221;https:\/\/port.fundacaostpauls.org.br\/relatorioanual\/wp-content\/uploads\/2023\/01\/FundStPauls_horizontal-03.png&#8221; logo_url=&#8221;https:\/\/port.fundacaostpauls.org.br\/relatorioanual\/&#8221; logo_max_width=&#8221;20%&#8221; cart_icon_color=&#8221;#A70433&#8243; search_icon_color=&#8221;#A70433&#8243; menu_icon_color=&#8221;#A70433&#8243; menu_icon_font_size=&#8221;55px&#8221; logo_max_width_tablet=&#8221;50%&#8221; logo_max_width_phone=&#8221;60%&#8221; logo_max_width_last_edited=&#8221;on|phone&#8221; admin_label=&#8221;Menu&#8221; module_class=&#8221;menu_paginas_gerais&#8221; _builder_version=&#8221;4.19.5&#8243; _module_preset=&#8221;default&#8221; menu_font=&#8221;Archer Medium|||on|||||&#8221; menu_text_color=&#8221;#0B394E&#8221; background_color=&#8221;RGBA(255,255,255,0)&#8221; text_orientation=&#8221;right&#8221; width=&#8221;100%&#8221; module_alignment=&#8221;center&#8221; custom_margin=&#8221;|0px||0px|false|false&#8221; custom_margin_tablet=&#8221;0px|0px|0px|0px|false|false&#8221; custom_margin_phone=&#8221;25px|0px||0px|false|false&#8221; custom_margin_last_edited=&#8221;on|phone&#8221; custom_padding=&#8221;|0px||0px|false|false&#8221; menu_text_color_tablet=&#8221;#0B394E&#8221; menu_text_color_phone=&#8221;#0B394E&#8221; menu_text_color_last_edited=&#8221;on|tablet&#8221; text_orientation_tablet=&#8221;center&#8221; text_orientation_phone=&#8221;center&#8221; text_orientation_last_edited=&#8221;on|tablet&#8221; custom_css_main_element=&#8221;z-index: 999999; !important&#8221; global_colors_info=&#8221;{}&#8221; dropdown_menu_bg_color__hover_enabled=&#8221;off|desktop&#8221;][\/et_pb_menu][\/et_pb_column][\/et_pb_row][\/et_pb_section][et_pb_section fb_built=&#8221;1&#8243; _builder_version=&#8221;4.19.4&#8243; _module_preset=&#8221;default&#8221; background_color=&#8221;RGBA(255,255,255,0)&#8221; background_image=&#8221;https:\/\/port.fundacaostpauls.org.br\/relatorioanual\/wp-content\/uploads\/2023\/01\/header_2021-22-1.png&#8221; min_height=&#8221;450px&#8221; min_height_tablet=&#8221;450px&#8221; min_height_phone=&#8221;300px&#8221; min_height_last_edited=&#8221;on|phone&#8221; max_height=&#8221;300px&#8221; background_last_edited=&#8221;on|phone&#8221; background_image_phone=&#8221;https:\/\/port.fundacaostpauls.org.br\/relatorioanual\/wp-content\/uploads\/2023\/01\/Processo_2022_mobile.png&#8221; background_enable_image_phone=&#8221;on&#8221; locked=&#8221;off&#8221; global_colors_info=&#8221;{}&#8221;][\/et_pb_section][et_pb_section fb_built=&#8221;1&#8243; _builder_version=&#8221;4.19.4&#8243; _module_preset=&#8221;default&#8221; custom_margin=&#8221;0px||0px||false|false&#8221; custom_padding=&#8221;15px||0px||false|false&#8221; locked=&#8221;off&#8221; global_colors_info=&#8221;{}&#8221;][et_pb_row _builder_version=&#8221;4.19.4&#8243; _module_preset=&#8221;default&#8221; custom_margin=&#8221;0px||0px||false|false&#8221; custom_padding=&#8221;0px||0px||false|false&#8221; global_colors_info=&#8221;{}&#8221;][et_pb_column type=&#8221;4_4&#8243; _builder_version=&#8221;4.19.4&#8243; _module_preset=&#8221;default&#8221; global_colors_info=&#8221;{}&#8221;][et_pb_text _builder_version=&#8221;4.19.4&#8243; _module_preset=&#8221;default&#8221; text_font=&#8221;Archer Book||||||||&#8221; text_text_color=&#8221;#9E9E9E&#8221; text_line_height=&#8221;18px&#8221; width=&#8221;45%&#8221; locked=&#8221;off&#8221; global_colors_info=&#8221;{}&#8221;]<\/p>\n<p class=\"p1\">Em maio de 2022, cerca de 80 candidatos fizeram os testes de cogni\u00e7\u00e3o e ingl\u00eas na St. Paul&#8217;s<\/p>\n<p>[\/et_pb_text][\/et_pb_column][\/et_pb_row][\/et_pb_section][et_pb_section fb_built=&#8221;1&#8243; _builder_version=&#8221;4.19.4&#8243; _module_preset=&#8221;default&#8221; custom_padding=&#8221;34px|||||&#8221; global_colors_info=&#8221;{}&#8221;][et_pb_row _builder_version=&#8221;4.19.4&#8243; _module_preset=&#8221;default&#8221; custom_padding=&#8221;||6px|||&#8221; global_colors_info=&#8221;{}&#8221;][et_pb_column type=&#8221;4_4&#8243; _builder_version=&#8221;4.19.4&#8243; _module_preset=&#8221;default&#8221; global_colors_info=&#8221;{}&#8221;][et_pb_text content_tablet=&#8221;<\/p>\n<h1 class=%22p1%22>Processo Seletivo 2022-23<\/h1>\n<p>&#8221; content_phone=&#8221;<\/p>\n<h1 class=%22p1%22 style=%22text-align: left;%22>Processo Seletivo 2022-23<\/h1>\n<p>&#8221; content_last_edited=&#8221;on|phone&#8221; _builder_version=&#8221;4.19.5&#8243; _module_preset=&#8221;default&#8221; header_font=&#8221;Archer Semibold||||||||&#8221; header_text_align=&#8221;left&#8221; header_text_color=&#8221;#0B394E&#8221; header_font_size=&#8221;54px&#8221; custom_margin=&#8221;||2px|||&#8221; hover_enabled=&#8221;0&#8243; header_text_align_tablet=&#8221;left&#8221; header_text_align_phone=&#8221;center&#8221; header_text_align_last_edited=&#8221;on|desktop&#8221; global_colors_info=&#8221;{}&#8221; header_font_size_last_edited=&#8221;on|tablet&#8221; header_font_size_phone=&#8221;38px&#8221; sticky_enabled=&#8221;0&#8243; header_font_size_tablet=&#8221;42px&#8221;]<\/p>\n<h1 class=\"p1\">Processo Seletivo 2022-23<\/h1>\n<p>[\/et_pb_text][et_pb_text _builder_version=&#8221;4.19.4&#8243; _module_preset=&#8221;default&#8221; text_font=&#8221;Archer Medium|100||on|||||&#8221; text_text_color=&#8221;#0B394E&#8221; text_font_size=&#8221;18px&#8221; global_colors_info=&#8221;{}&#8221;]<\/p>\n<p class=\"p1\">In\u00edcio: janeiro de 2022<br \/>Escolha do bolsista: junho de 2023<\/p>\n<p>[\/et_pb_text][et_pb_text _builder_version=&#8221;4.19.4&#8243; _module_preset=&#8221;default&#8221; text_font=&#8221;Archer Medium||||||||&#8221; text_text_color=&#8221;#0B394E&#8221; text_font_size=&#8221;22px&#8221; text_line_height=&#8221;26px&#8221; global_colors_info=&#8221;{}&#8221;]<\/p>\n<p class=\"p1\">Neste ano, enquanto os candidatos do processo de 2021-22 estavam na reta final de seu processo seletivo, demos a largada na escolha dos candidatos a bolsistas para entrada em agosto de 2023.<\/p>\n<p>[\/et_pb_text][et_pb_text _builder_version=&#8221;4.19.4&#8243; _module_preset=&#8221;default&#8221; text_font=&#8221;Archer Book||||||||&#8221; text_text_color=&#8221;#0B394E&#8221; text_font_size=&#8221;18px&#8221; header_3_font=&#8221;Archer Semibold||||||||&#8221; header_3_text_color=&#8221;#A70433&#8243; header_3_font_size=&#8221;28px&#8221; header_4_font=&#8221;Archer Medium||||||||&#8221; header_4_text_color=&#8221;#A70433&#8243; header_4_font_size=&#8221;20px&#8221; header_4_line_height=&#8221;32px&#8221; custom_margin=&#8221;||36px|||&#8221; global_colors_info=&#8221;{}&#8221;]<\/p>\n<p class=\"p1\">Em janeiro deste ano, recebemos as inscri\u00e7\u00f5es de 183 aspirantes \u00e0 bolsa, entre 10 e 14 anos \u2013 um n\u00famero recorde. Todos submeteram a documenta\u00e7\u00e3o escolar necess\u00e1ria e o v\u00eddeo e reda\u00e7\u00e3o em ingl\u00eas. Da primeira triagem sa\u00edram 80 alunos, que fizeram as provas de aptid\u00e3o na St. Paul\u2019s em abril. Apenas os 25 alunos que melhor pontuaram foram selecionados para as entrevistas, e agora 20 integram a nova turma do Curso de Prepara\u00e7\u00e3o 2022-23. Eles acabam de iniciar sua imers\u00e3o em ingl\u00eas com a Cultura Inglesa e em breve ter\u00e3o aulas peri\u00f3dicas na escola St. Paul\u2019s. Apenas os mais preparados ir\u00e3o se tornar bolsistas da Funda\u00e7\u00e3o com in\u00edcio em agosto de 2023.<span class=\"Apple-converted-space\">\u00a0<\/span><\/p>\n<p class=\"p1\"><span class=\"Apple-converted-space\"><\/span><\/p>\n<h4 class=\"p1\">Parceiros da funda\u00e7\u00e3o:<\/h4>\n<p class=\"p1\">Mais uma vez neste ano contamos com a ajuda de parceiros que nos indicaram potenciais candidatos a bolsistas. <br \/>Veja abaixo alguns destes parceiros:<\/p>\n<p>[\/et_pb_text][et_pb_image src=&#8221;https:\/\/port.fundacaostpauls.org.br\/relatorioanual\/wp-content\/uploads\/2022\/12\/Processo_2022_2_logos.png&#8221; title_text=&#8221;Processo_2022_2_logos&#8221; align=&#8221;center&#8221; _builder_version=&#8221;4.19.4&#8243; _module_preset=&#8221;default&#8221; width=&#8221;65%&#8221; global_colors_info=&#8221;{}&#8221;][\/et_pb_image][et_pb_text _builder_version=&#8221;4.19.4&#8243; _module_preset=&#8221;default&#8221; text_font=&#8221;Archer Book||||||||&#8221; text_text_color=&#8221;#0B394E&#8221; text_font_size=&#8221;18px&#8221; header_3_font=&#8221;Archer Semibold||||||||&#8221; header_3_text_color=&#8221;#A70433&#8243; header_3_font_size=&#8221;28px&#8221; header_4_font=&#8221;Archer Medium|||on|||||&#8221; header_4_text_color=&#8221;#A70433&#8243; custom_margin=&#8221;||36px|||&#8221; global_colors_info=&#8221;{}&#8221;]<\/p>\n<p class=\"p1\">Todos os anos, ao abrir o processo seletivo, a equipe da Funda\u00e7\u00e3o entra em contato com mais de 20 ONGs que trabalham com estudantes e potenciais candidatos a bolsistas. Tamb\u00e9m visitamos e enviamos materiais sobre o processo \u00e0s Diretorias Regionais de Ensino, que administram centenas de escolas p\u00fablicas de S\u00e3o Paulo. Em reuni\u00f5es e visitas presenciais, a ideia \u00e9 espalhar a mensagem sobre a oportunidade que o Programa de Bolsas oferece.<\/p>\n<p>[\/et_pb_text][et_pb_text _builder_version=&#8221;4.19.4&#8243; _module_preset=&#8221;default&#8221; text_font=&#8221;Archer Book||||||||&#8221; text_text_color=&#8221;#0B394E&#8221; text_font_size=&#8221;18px&#8221; header_3_font=&#8221;Archer Semibold||||||||&#8221; header_3_text_color=&#8221;#A70433&#8243; header_3_font_size=&#8221;28px&#8221; header_4_font=&#8221;Archer Medium||||||||&#8221; header_4_text_color=&#8221;#A70433&#8243; header_4_font_size=&#8221;20px&#8221; header_4_line_height=&#8221;32px&#8221; custom_margin=&#8221;||36px|||&#8221; global_colors_info=&#8221;{}&#8221;]<\/p>\n<h4 class=\"p1\">Mapa de S\u00e3o Paulo com a origem dos candidatos do processo seletivo 2022-23<\/h4>\n<p>[\/et_pb_text][et_pb_image src=&#8221;https:\/\/port.fundacaostpauls.org.br\/relatorioanual\/wp-content\/uploads\/2022\/12\/221219_mapa_SP.png&#8221; title_text=&#8221;221219_mapa_SP&#8221; align=&#8221;center&#8221; _builder_version=&#8221;4.19.4&#8243; _module_preset=&#8221;default&#8221; width=&#8221;65%&#8221; global_colors_info=&#8221;{}&#8221;][\/et_pb_image][\/et_pb_column][\/et_pb_row][\/et_pb_section][et_pb_section fb_built=&#8221;1&#8243; _builder_version=&#8221;4.19.5&#8243; _module_preset=&#8221;default&#8221; custom_padding=&#8221;20px||20px||false|false&#8221; global_module=&#8221;684&#8243; saved_tabs=&#8221;all&#8221; locked=&#8221;off&#8221; global_colors_info=&#8221;{}&#8221;][et_pb_row _builder_version=&#8221;4.19.4&#8243; _module_preset=&#8221;default&#8221; global_colors_info=&#8221;{}&#8221;][et_pb_column type=&#8221;4_4&#8243; _builder_version=&#8221;4.19.4&#8243; _module_preset=&#8221;default&#8221; global_colors_info=&#8221;{}&#8221;][et_pb_post_nav prev_text=&#8221;anterior&#8221; next_text=&#8221;pr\u00f3ximo&#8221; _builder_version=&#8221;4.19.4&#8243; _module_preset=&#8221;default&#8221; title_font=&#8221;Archer Semibold|||on|||||&#8221; title_text_color=&#8221;#9E9E9E&#8221; title_font_size=&#8221;16px&#8221; global_colors_info=&#8221;{}&#8221;][\/et_pb_post_nav][\/et_pb_column][\/et_pb_row][\/et_pb_section][et_pb_section fb_built=&#8221;1&#8243; admin_label=&#8221;Footer&#8221; _builder_version=&#8221;4.19.4&#8243; _module_preset=&#8221;default&#8221; background_color=&#8221;#A70433&#8243; custom_margin=&#8221;0px||||false|false&#8221; custom_padding=&#8221;15px||35px||false|false&#8221; global_module=&#8221;251&#8243; saved_tabs=&#8221;all&#8221; locked=&#8221;off&#8221; global_colors_info=&#8221;{}&#8221;][et_pb_row column_structure=&#8221;1_3,1_3,1_3&#8243; make_equal=&#8221;on&#8221; _builder_version=&#8221;4.19.4&#8243; _module_preset=&#8221;default&#8221; custom_padding=&#8221;||0px|||&#8221; global_colors_info=&#8221;{}&#8221;][et_pb_column type=&#8221;1_3&#8243; _builder_version=&#8221;4.19.4&#8243; _module_preset=&#8221;default&#8221; custom_padding=&#8221;0px||||false|false&#8221; global_colors_info=&#8221;{}&#8221;][et_pb_image src=&#8221;https:\/\/port.fundacaostpauls.org.br\/relatorioanual\/wp-content\/uploads\/2022\/12\/stpauls_marca_branca.png&#8221; title_text=&#8221;stpauls_marca_branca&#8221; _builder_version=&#8221;4.19.4&#8243; _module_preset=&#8221;default&#8221; width=&#8221;50%&#8221; width_tablet=&#8221;30%&#8221; width_phone=&#8221;50%&#8221; width_last_edited=&#8221;on|desktop&#8221; module_alignment=&#8221;left&#8221; module_alignment_tablet=&#8221;center&#8221; module_alignment_phone=&#8221;&#8221; module_alignment_last_edited=&#8221;on|tablet&#8221; global_colors_info=&#8221;{}&#8221;][\/et_pb_image][\/et_pb_column][et_pb_column type=&#8221;1_3&#8243; _builder_version=&#8221;4.19.4&#8243; _module_preset=&#8221;default&#8221; background_color=&#8221;RGBA(255,255,255,0)&#8221; custom_padding=&#8221;0px|0px|0px|0px|true|true&#8221; global_colors_info=&#8221;{}&#8221;][et_pb_blurb title=&#8221;Endere\u00e7o&#8221; _builder_version=&#8221;4.19.5&#8243; _module_preset=&#8221;default&#8221; header_font=&#8221;Archer Semibold||||||||&#8221; header_font_size=&#8221;20px&#8221; header_line_height=&#8221;1.5em&#8221; body_font=&#8221;Archer Book||||||||&#8221; body_font_size=&#8221;18px&#8221; body_line_height=&#8221;23px&#8221; background_layout=&#8221;dark&#8221; custom_margin=&#8221;0px||||false|false&#8221; custom_padding=&#8221;0px||||false|false&#8221; header_text_align_tablet=&#8221;center&#8221; header_text_align_phone=&#8221;center&#8221; header_text_align_last_edited=&#8221;on|tablet&#8221; header_font_size_tablet=&#8221;20px&#8221; header_font_size_phone=&#8221;18px&#8221; header_font_size_last_edited=&#8221;on|phone&#8221; header_line_height_tablet=&#8221;&#8221; header_line_height_phone=&#8221;1.8em&#8221; header_line_height_last_edited=&#8221;on|phone&#8221; body_text_align_tablet=&#8221;center&#8221; body_text_align_phone=&#8221;center&#8221; body_text_align_last_edited=&#8221;on|phone&#8221; body_font_size_tablet=&#8221;&#8221; body_font_size_phone=&#8221;14px&#8221; body_font_size_last_edited=&#8221;on|phone&#8221; locked=&#8221;off&#8221; global_colors_info=&#8221;{}&#8221;]<\/p>\n<p class=\"p1\">Rua Juqui\u00e1, 166<br \/>Jardim Paulistano<br \/>S\u00e3o Paulo SP<br \/>+55 11 3087-3393<\/p>\n<p>[\/et_pb_blurb][\/et_pb_column][et_pb_column type=&#8221;1_3&#8243; _builder_version=&#8221;4.19.4&#8243; _module_preset=&#8221;default&#8221; custom_padding=&#8221;0px|0px|0px|0px|true|true&#8221; border_color_all=&#8221;RGBA(255,255,255,0)&#8221; global_colors_info=&#8221;{}&#8221;][et_pb_blurb title=&#8221;Contato&#8221; _builder_version=&#8221;4.19.4&#8243; _module_preset=&#8221;default&#8221; header_font=&#8221;Archer Semibold||||||||&#8221; header_font_size=&#8221;20px&#8221; header_line_height=&#8221;1.5em&#8221; body_font=&#8221;Archer Book||||||||&#8221; body_font_size=&#8221;18px&#8221; body_line_height=&#8221;23px&#8221; background_layout=&#8221;dark&#8221; custom_margin=&#8221;0px||||false|false&#8221; custom_padding=&#8221;0px||||false|false&#8221; header_text_align_tablet=&#8221;center&#8221; header_text_align_phone=&#8221;center&#8221; header_text_align_last_edited=&#8221;on|phone&#8221; header_font_size_tablet=&#8221;20px&#8221; header_font_size_phone=&#8221;18px&#8221; header_font_size_last_edited=&#8221;on|phone&#8221; header_line_height_tablet=&#8221;&#8221; header_line_height_phone=&#8221;1.8em&#8221; header_line_height_last_edited=&#8221;on|phone&#8221; body_text_align_tablet=&#8221;center&#8221; body_text_align_phone=&#8221;center&#8221; body_text_align_last_edited=&#8221;on|tablet&#8221; body_font_size_tablet=&#8221;&#8221; body_font_size_phone=&#8221;14px&#8221; body_font_size_last_edited=&#8221;on|phone&#8221; locked=&#8221;off&#8221; global_colors_info=&#8221;{}&#8221;]<\/p>\n<p><a href=\"mailto:contato@fundacaostpauls.org.br\">contato@fundacaostpauls.org.br<\/a><br \/><a href=\"https:\/\/port.fundacaostpauls.org.br\/\" target=\"_blank\" rel=\"noopener\">fundacaostpauls.org.br<\/a><\/p>\n<p>[\/et_pb_blurb][et_pb_social_media_follow icon_color=&#8221;#FFFFFF&#8221; _builder_version=&#8221;4.19.4&#8243; _module_preset=&#8221;default&#8221; text_orientation=&#8221;left&#8221; text_orientation_tablet=&#8221;center&#8221; text_orientation_phone=&#8221;center&#8221; text_orientation_last_edited=&#8221;on|desktop&#8221; global_colors_info=&#8221;{}&#8221;][et_pb_social_media_follow_network social_network=&#8221;facebook&#8221; url=&#8221;https:\/\/www.facebook.com\/fundacaostpauls\/&#8221; icon_color=&#8221;#FFFFFF&#8221; _builder_version=&#8221;4.19.4&#8243; _module_preset=&#8221;default&#8221; background_color=&#8221;RGBA(255,255,255,0)&#8221; background_enable_color=&#8221;on&#8221; global_colors_info=&#8221;{}&#8221; follow_button=&#8221;off&#8221; url_new_window=&#8221;on&#8221;]facebook[\/et_pb_social_media_follow_network][et_pb_social_media_follow_network social_network=&#8221;instagram&#8221; url=&#8221;https:\/\/www.instagram.com\/fundacaostpauls\/&#8221; _builder_version=&#8221;4.19.4&#8243; _module_preset=&#8221;default&#8221; background_color=&#8221;RGBA(255,255,255,0)&#8221; background_enable_color=&#8221;on&#8221; global_colors_info=&#8221;{}&#8221; follow_button=&#8221;off&#8221; url_new_window=&#8221;on&#8221;]instagram[\/et_pb_social_media_follow_network][et_pb_social_media_follow_network social_network=&#8221;linkedin&#8221; url=&#8221;https:\/\/www.linkedin.com\/company\/fundacaostpauls&#8221; _builder_version=&#8221;4.19.4&#8243; _module_preset=&#8221;default&#8221; background_color=&#8221;RGBA(255,255,255,0)&#8221; background_enable_color=&#8221;on&#8221; global_colors_info=&#8221;{}&#8221; follow_button=&#8221;off&#8221; url_new_window=&#8221;on&#8221;]linkedin[\/et_pb_social_media_follow_network][et_pb_social_media_follow_network social_network=&#8221;youtube&#8221; url=&#8221;https:\/\/www.youtube.com\/@user-lg6dg1hx1r&#8221; _builder_version=&#8221;4.19.4&#8243; _module_preset=&#8221;default&#8221; background_color=&#8221;RGBA(255,255,255,0)&#8221; background_enable_color=&#8221;on&#8221; global_colors_info=&#8221;{}&#8221; follow_button=&#8221;off&#8221; url_new_window=&#8221;on&#8221;]youtube[\/et_pb_social_media_follow_network][\/et_pb_social_media_follow][\/et_pb_column][\/et_pb_row][\/et_pb_section][et_pb_section fb_built=&#8221;1&#8243; _builder_version=&#8221;4.19.4&#8243; _module_preset=&#8221;default&#8221; custom_margin=&#8221;0px||0px||false|false&#8221; custom_padding=&#8221;0px||0px||false|false&#8221; global_module=&#8221;776&#8243; saved_tabs=&#8221;all&#8221; locked=&#8221;off&#8221; global_colors_info=&#8221;{}&#8221;][et_pb_row _builder_version=&#8221;4.19.5&#8243; _module_preset=&#8221;default&#8221; custom_margin=&#8221;0px||0px||false|false&#8221; custom_padding=&#8221;10px||10px||false|false&#8221; global_colors_info=&#8221;{}&#8221;][et_pb_column type=&#8221;4_4&#8243; _builder_version=&#8221;4.19.4&#8243; _module_preset=&#8221;default&#8221; global_colors_info=&#8221;{}&#8221;][et_pb_text _builder_version=&#8221;4.19.5&#8243; _module_preset=&#8221;default&#8221; text_orientation_tablet=&#8221;center&#8221; text_orientation_phone=&#8221;center&#8221; text_orientation_last_edited=&#8221;on|desktop&#8221; global_colors_info=&#8221;{}&#8221;]<\/p>\n<p><span>\u00a9 2023 St. Paul&#8217;s. Desenvolvido por <a href=\"https:\/\/tresdesign.studio\/\" target=\"_blank\" rel=\"noopener\">tr\u00eas design<\/a><\/span><\/p>\n<p>[\/et_pb_text][\/et_pb_column][\/et_pb_row][\/et_pb_section]<\/p>\n","protected":false},"excerpt":{"rendered":"<p>Em maio de 2022, cerca de 80 candidatos fizeram os testes de cogni\u00e7\u00e3o e ingl\u00eas na St. Paul&#8217;sProcesso Seletivo 2022-23In\u00edcio: janeiro de 2022Escolha do bolsista: junho de 2023Neste ano, enquanto os candidatos do processo de 2021-22 estavam na reta final de seu processo seletivo, demos a largada na escolha dos candidatos a bolsistas para entrada [&hellip;]<\/p>\n","protected":false},"author":2,"featured_media":0,"parent":0,"menu_order":8,"comment_status":"closed","ping_status":"closed","template":"page-template-blank.php","meta":{"_et_pb_use_builder":"on","_et_pb_old_content":"","_et_gb_content_width":"","footnotes":""},"class_list":["post-126","page","type-page","status-publish","hentry"],"_links":{"self":[{"href":"https:\/\/port.fundacaostpauls.org.br\/relatorioanual\/wp-json\/wp\/v2\/pages\/126","targetHints":{"allow":["GET"]}}],"collection":[{"href":"https:\/\/port.fundacaostpauls.org.br\/relatorioanual\/wp-json\/wp\/v2\/pages"}],"about":[{"href":"https:\/\/port.fundacaostpauls.org.br\/relatorioanual\/wp-json\/wp\/v2\/types\/page"}],"author":[{"embeddable":true,"href":"https:\/\/port.fundacaostpauls.org.br\/relatorioanual\/wp-json\/wp\/v2\/users\/2"}],"replies":[{"embeddable":true,"href":"https:\/\/port.fundacaostpauls.org.br\/relatorioanual\/wp-json\/wp\/v2\/comments?post=126"}],"version-history":[{"count":23,"href":"https:\/\/port.fundacaostpauls.org.br\/relatorioanual\/wp-json\/wp\/v2\/pages\/126\/revisions"}],"predecessor-version":[{"id":111451,"href":"https:\/\/port.fundacaostpauls.org.br\/relatorioanual\/wp-json\/wp\/v2\/pages\/126\/revisions\/111451"}],"wp:attachment":[{"href":"https:\/\/port.fundacaostpauls.org.br\/relatorioanual\/wp-json\/wp\/v2\/media?parent=126"}],"curies":[{"name":"wp","href":"https:\/\/api.w.org\/{rel}","templated":true}]}}