{"id":101,"date":"2022-12-20T14:11:38","date_gmt":"2022-12-20T17:11:38","guid":{"rendered":"https:\/\/port.fundacaostpauls.org.br\/relatorioanual\/?page_id=101"},"modified":"2023-03-21T13:40:23","modified_gmt":"2023-03-21T16:40:23","slug":"revisao-do-ano","status":"publish","type":"page","link":"https:\/\/port.fundacaostpauls.org.br\/relatorioanual\/revisao-do-ano\/","title":{"rendered":"Revis\u00e3o do ano"},"content":{"rendered":"<p>[et_pb_section fb_built=&#8221;1&#8243; admin_label=&#8221;Header&#8221; _builder_version=&#8221;4.19.4&#8243; _module_preset=&#8221;default&#8221; background_color=&#8221;RGBA(255,255,255,0)&#8221; background_enable_image=&#8221;off&#8221; parallax=&#8221;on&#8221; custom_margin=&#8221;0px||0px||false|false&#8221; custom_padding=&#8221;0px||0px||false|false&#8221; global_module=&#8221;257&#8243; saved_tabs=&#8221;all&#8221; locked=&#8221;off&#8221; global_colors_info=&#8221;{}&#8221;][et_pb_row make_equal=&#8221;on&#8221; custom_padding_last_edited=&#8221;on|phone&#8221; _builder_version=&#8221;4.19.5&#8243; _module_preset=&#8221;default&#8221; width=&#8221;100%&#8221; max_width=&#8221;100%&#8221; module_alignment=&#8221;center&#8221; custom_margin=&#8221;0px||0px||false|false&#8221; custom_margin_tablet=&#8221;&#8221; custom_margin_phone=&#8221;&#8221; custom_margin_last_edited=&#8221;on|desktop&#8221; custom_padding=&#8221;20px|50px|20px|50px|false|false&#8221; custom_padding_tablet=&#8221;&#8221; custom_padding_phone=&#8221;|15px||15px|false|false&#8221; custom_css_main_element=&#8221;z-index: 10000000; !important&#8221; global_colors_info=&#8221;{}&#8221;][et_pb_column type=&#8221;4_4&#8243; _builder_version=&#8221;4.19.5&#8243; _module_preset=&#8221;default&#8221; custom_padding=&#8221;|0px||0px|false|false&#8221; custom_css_main_element=&#8221;margin: auto;&#8221; global_colors_info=&#8221;{}&#8221;][et_pb_menu active_link_color=&#8221;#A70433&#8243; dropdown_menu_bg_color=&#8221;#ffffff&#8221; dropdown_menu_line_color=&#8221;#0B394E&#8221; dropdown_menu_text_color=&#8221;#0B394E&#8221; dropdown_menu_active_link_color=&#8221;#A70433&#8243; mobile_menu_bg_color=&#8221;#FFFFFF&#8221; mobile_menu_text_color=&#8221;#0B394E&#8221; logo=&#8221;https:\/\/port.fundacaostpauls.org.br\/relatorioanual\/wp-content\/uploads\/2023\/01\/FundStPauls_horizontal-03.png&#8221; logo_url=&#8221;https:\/\/port.fundacaostpauls.org.br\/relatorioanual\/&#8221; logo_max_width=&#8221;20%&#8221; cart_icon_color=&#8221;#A70433&#8243; search_icon_color=&#8221;#A70433&#8243; menu_icon_color=&#8221;#A70433&#8243; menu_icon_font_size=&#8221;55px&#8221; logo_max_width_tablet=&#8221;50%&#8221; logo_max_width_phone=&#8221;60%&#8221; logo_max_width_last_edited=&#8221;on|phone&#8221; admin_label=&#8221;Menu&#8221; module_class=&#8221;menu_paginas_gerais&#8221; _builder_version=&#8221;4.19.5&#8243; _module_preset=&#8221;default&#8221; menu_font=&#8221;Archer Medium|||on|||||&#8221; menu_text_color=&#8221;#0B394E&#8221; background_color=&#8221;RGBA(255,255,255,0)&#8221; text_orientation=&#8221;right&#8221; width=&#8221;100%&#8221; module_alignment=&#8221;center&#8221; custom_margin=&#8221;|0px||0px|false|false&#8221; custom_margin_tablet=&#8221;0px|0px|0px|0px|false|false&#8221; custom_margin_phone=&#8221;25px|0px||0px|false|false&#8221; custom_margin_last_edited=&#8221;on|phone&#8221; custom_padding=&#8221;|0px||0px|false|false&#8221; menu_text_color_tablet=&#8221;#0B394E&#8221; menu_text_color_phone=&#8221;#0B394E&#8221; menu_text_color_last_edited=&#8221;on|tablet&#8221; text_orientation_tablet=&#8221;center&#8221; text_orientation_phone=&#8221;center&#8221; text_orientation_last_edited=&#8221;on|tablet&#8221; custom_css_main_element=&#8221;z-index: 999999; !important&#8221; global_colors_info=&#8221;{}&#8221; dropdown_menu_bg_color__hover_enabled=&#8221;off|desktop&#8221;][\/et_pb_menu][\/et_pb_column][\/et_pb_row][\/et_pb_section][et_pb_section fb_built=&#8221;1&#8243; _builder_version=&#8221;4.19.4&#8243; _module_preset=&#8221;default&#8221; background_color=&#8221;RGBA(255,255,255,0)&#8221; background_image=&#8221;https:\/\/port.fundacaostpauls.org.br\/relatorioanual\/wp-content\/uploads\/2023\/01\/trabalho_arduo_1-1.png&#8221; background_position=&#8221;top_center&#8221; min_height=&#8221;600px&#8221; min_height_tablet=&#8221;450px&#8221; min_height_phone=&#8221;300px&#8221; min_height_last_edited=&#8221;on|tablet&#8221; max_height=&#8221;300px&#8221; background_last_edited=&#8221;on|phone&#8221; background_image_tablet=&#8221;https:\/\/port.fundacaostpauls.org.br\/relatorioanual\/wp-content\/uploads\/2023\/01\/trabalho_arduo_mobile.png&#8221; background_image_phone=&#8221;https:\/\/port.fundacaostpauls.org.br\/relatorioanual\/wp-content\/uploads\/2023\/01\/trabalho_arduo_mobile.png&#8221; background_enable_image_tablet=&#8221;on&#8221; background_enable_image_phone=&#8221;on&#8221; locked=&#8221;off&#8221; global_colors_info=&#8221;{}&#8221;][\/et_pb_section][et_pb_section fb_built=&#8221;1&#8243; _builder_version=&#8221;4.19.4&#8243; _module_preset=&#8221;default&#8221; custom_margin=&#8221;0px||0px||false|false&#8221; custom_padding=&#8221;15px||0px||false|false&#8221; locked=&#8221;off&#8221; global_colors_info=&#8221;{}&#8221;][et_pb_row _builder_version=&#8221;4.19.4&#8243; _module_preset=&#8221;default&#8221; custom_margin=&#8221;0px||0px||false|false&#8221; custom_padding=&#8221;0px||0px||false|false&#8221; global_colors_info=&#8221;{}&#8221;][et_pb_column type=&#8221;4_4&#8243; _builder_version=&#8221;4.19.4&#8243; _module_preset=&#8221;default&#8221; global_colors_info=&#8221;{}&#8221;][et_pb_text _builder_version=&#8221;4.19.4&#8243; _module_preset=&#8221;default&#8221; text_font=&#8221;Archer Book||||||||&#8221; text_text_color=&#8221;#9E9E9E&#8221; text_line_height=&#8221;18px&#8221; width=&#8221;45%&#8221; locked=&#8221;off&#8221; global_colors_info=&#8221;{}&#8221;]<\/p>\n<p class=\"p1\">Em junho, demos a boa not\u00edcia a essas 10 fam\u00edlias cujos filhos se tornaram bolsistas em 2022. Na foto, grupo se encontra para processo de integra\u00e7\u00e3o<\/p>\n<p>[\/et_pb_text][\/et_pb_column][\/et_pb_row][\/et_pb_section][et_pb_section fb_built=&#8221;1&#8243; _builder_version=&#8221;4.19.4&#8243; _module_preset=&#8221;default&#8221; custom_padding=&#8221;34px||14px|||&#8221; global_colors_info=&#8221;{}&#8221;][et_pb_row _builder_version=&#8221;4.19.4&#8243; _module_preset=&#8221;default&#8221; global_colors_info=&#8221;{}&#8221;][et_pb_column type=&#8221;4_4&#8243; _builder_version=&#8221;4.19.4&#8243; _module_preset=&#8221;default&#8221; global_colors_info=&#8221;{}&#8221;][et_pb_image src=&#8221;https:\/\/port.fundacaostpauls.org.br\/relatorioanual\/wp-content\/uploads\/2022\/12\/imagens_perfil_Carolina.png&#8221; title_text=&#8221;imagens_perfil_Carolina&#8221; _builder_version=&#8221;4.19.4&#8243; _module_preset=&#8221;default&#8221; width=&#8221;20%&#8221; width_tablet=&#8221;35%&#8221; width_phone=&#8221;35%&#8221; width_last_edited=&#8221;on|phone&#8221; module_alignment=&#8221;left&#8221; locked=&#8221;off&#8221; global_colors_info=&#8221;{}&#8221;][\/et_pb_image][et_pb_text _builder_version=&#8221;4.19.4&#8243; _module_preset=&#8221;default&#8221; text_font=&#8221;Archer Book||||||||&#8221; text_text_color=&#8221;#0B394E&#8221; text_font_size=&#8221;18px&#8221; text_line_height=&#8221;10px&#8221; header_3_font=&#8221;Archer Semibold||||||||&#8221; header_3_text_color=&#8221;#A70433&#8243; header_3_font_size=&#8221;28px&#8221; header_4_font=&#8221;Archer Medium|||on|||||&#8221; header_4_text_color=&#8221;#A70433&#8243; custom_margin=&#8221;25px||55px|||&#8221; global_colors_info=&#8221;{}&#8221;]<\/p>\n<h4 class=\"p3\">Carolina Righi<\/h4>\n<p class=\"p1\">Gerente geral da Funda\u00e7\u00e3o St. Paul\u2019s<\/p>\n<p>[\/et_pb_text][et_pb_text content_tablet=&#8221;<\/p>\n<h1 style=%22text-align: left;%22>Trabalho \u00e1rduo e celebra\u00e7\u00f5es<\/h1>\n<p>&#8221; content_phone=&#8221;<\/p>\n<h1 style=%22text-align: left;%22>Trabalho \u00e1rduo e celebra\u00e7\u00f5es<\/h1>\n<p>&#8221; content_last_edited=&#8221;on|phone&#8221; _builder_version=&#8221;4.19.5&#8243; _module_preset=&#8221;default&#8221; header_font=&#8221;Archer Semibold||||||||&#8221; header_text_align=&#8221;left&#8221; header_text_color=&#8221;#0B394E&#8221; header_font_size=&#8221;54px&#8221; header_text_align_tablet=&#8221;center&#8221; header_text_align_phone=&#8221;center&#8221; header_text_align_last_edited=&#8221;on|desktop&#8221; header_font_size_tablet=&#8221;54px&#8221; header_font_size_phone=&#8221;38px&#8221; header_font_size_last_edited=&#8221;on|phone&#8221; global_colors_info=&#8221;{}&#8221;]<\/p>\n<h1>Trabalho \u00e1rduo e celebra\u00e7\u00f5es<\/h1>\n<p>[\/et_pb_text][et_pb_text _builder_version=&#8221;4.19.4&#8243; _module_preset=&#8221;default&#8221; text_font=&#8221;Archer Medium||||||||&#8221; text_text_color=&#8221;#0B394E&#8221; text_font_size=&#8221;22px&#8221; text_line_height=&#8221;26px&#8221; custom_margin=&#8221;30px||57px|||&#8221; global_colors_info=&#8221;{}&#8221;]<\/p>\n<p class=\"p1\">A minha chegada \u00e0 Funda\u00e7\u00e3o St. Paul&#8217;s aconteceu junto com o come\u00e7o do ano escolar, e rapidamente percebi o tamanho dos desafios. Acostumada a trabalhar com projetos, logo percebi que precisar\u00edamos nos estruturar rapidamente para receber o grande n\u00famero de bolsistas que estavam a caminho &#8211; seriam mais 10.<\/p>\n<p>[\/et_pb_text][et_pb_text _builder_version=&#8221;4.19.4&#8243; _module_preset=&#8221;default&#8221; text_font=&#8221;Archer Book||||||||&#8221; text_text_color=&#8221;#0B394E&#8221; text_font_size=&#8221;18px&#8221; header_3_font=&#8221;Archer Semibold||||||||&#8221; header_3_text_color=&#8221;#A70433&#8243; header_3_font_size=&#8221;28px&#8221; header_4_font=&#8221;Archer Medium|||on|||||&#8221; header_4_text_color=&#8221;#A70433&#8243; custom_margin=&#8221;34px||18px|||&#8221; global_colors_info=&#8221;{}&#8221;]<\/p>\n<p class=\"p1\">T\u00ednhamos nove bolsistas voltando \u00e0s aulas presenciais, ainda com protocolos de Covid; outros 17 candidatos come\u00e7ando o Curso de Prepara\u00e7\u00e3o e um novo processo seletivo para o ano de 2022-23 prestes a iniciar.<span class=\"Apple-converted-space\">\u00a0<\/span><\/p>\n<p class=\"p1\">Tivemos o primeiro encontro de pais de bolsistas para integra\u00e7\u00e3o; visitamos dezenas de institutos em busca de potenciais candidatos; administramos mais de 180 perfis de candidatos aplicando para o processo seletivo 2022-23, testando 80 candidatos em um s\u00f3 dia. Tudo isso enquanto mantivemos o Curso de Prepara\u00e7\u00e3o com aulas tr\u00eas vezes por semana. Como parte do mesmo processo, contratamos uma assistente social para realizar a visita familiar e an\u00e1lise socioecon\u00f4mica dos alunos do Curso de Prepara\u00e7\u00e3o. N\u00e3o podemos deixar de mencionar a retomada de eventos para gerar mais conhecimento sobre nosso programa.<span class=\"Apple-converted-space\">\u00a0<\/span><\/p>\n<p class=\"p1\">E quando me dei conta caminhamos para a escolha final de mais 10 bolsistas e a sele\u00e7\u00e3o de 20 candidatos para o in\u00edcio de uma nova prepara\u00e7\u00e3o para o ano seguinte. E, claro, n\u00e3o posso deixar de citar a alegria de vermos o nosso primeiro bolsista \u2013 Jo\u00e3o Pedro, o famoso JP, se formar na escola e realizar o sonho de estudar fora.<span class=\"Apple-converted-space\">\u00a0<\/span><\/p>\n<p class=\"p1\">Posso garantir que trabalhamos por aqui sem parar para aprimorar processos, apoiar nossos candidatos e bolsistas, integrar pais e, claro, buscando atingir a nossa miss\u00e3o de transformar vidas de crian\u00e7as e adolescentes brilhantes e esfor\u00e7ados atrav\u00e9s da educa\u00e7\u00e3o.<span class=\"Apple-converted-space\">\u00a0<\/span><\/p>\n<p class=\"p1\">Forte abra\u00e7o,<span class=\"Apple-converted-space\">\u00a0<\/span><\/p>\n<p>[\/et_pb_text][\/et_pb_column][\/et_pb_row][et_pb_row column_structure=&#8221;1_3,2_3&#8243; _builder_version=&#8221;4.19.4&#8243; _module_preset=&#8221;default&#8221; global_colors_info=&#8221;{}&#8221;][et_pb_column type=&#8221;1_3&#8243; _builder_version=&#8221;4.19.4&#8243; _module_preset=&#8221;default&#8221; global_colors_info=&#8221;{}&#8221;][et_pb_text _builder_version=&#8221;4.19.4&#8243; _module_preset=&#8221;default&#8221; header_font=&#8221;Archer Semibold||||||||&#8221; header_text_align=&#8221;left&#8221; header_text_color=&#8221;#0B394E&#8221; header_font_size=&#8221;54px&#8221; header_2_font=&#8221;Archer Medium||||||||&#8221; header_2_text_color=&#8221;#A70433&#8243; header_text_align_tablet=&#8221;center&#8221; header_text_align_phone=&#8221;center&#8221; header_text_align_last_edited=&#8221;on|desktop&#8221; global_colors_info=&#8221;{}&#8221;]<\/p>\n<h2>Conhe\u00e7a os nossos bolsistas<\/h2>\n<p>[\/et_pb_text][\/et_pb_column][et_pb_column type=&#8221;2_3&#8243; _builder_version=&#8221;4.19.4&#8243; _module_preset=&#8221;default&#8221; global_colors_info=&#8221;{}&#8221;][et_pb_image src=&#8221;https:\/\/port.fundacaostpauls.org.br\/relatorioanual\/wp-content\/uploads\/2022\/12\/trabalho_arduo_2.png&#8221; title_text=&#8221;trabalho_arduo_2&#8243; _builder_version=&#8221;4.19.4&#8243; _module_preset=&#8221;default&#8221; custom_margin=&#8221;||13px|||&#8221; global_colors_info=&#8221;{}&#8221;][\/et_pb_image][et_pb_text _builder_version=&#8221;4.19.4&#8243; _module_preset=&#8221;default&#8221; text_font=&#8221;Archer Book||||||||&#8221; text_text_color=&#8221;#9E9E9E&#8221; text_line_height=&#8221;18px&#8221; width=&#8221;60%&#8221; width_tablet=&#8221;70%&#8221; width_phone=&#8221;100%&#8221; width_last_edited=&#8221;on|phone&#8221; module_alignment=&#8221;right&#8221; global_colors_info=&#8221;{}&#8221;]<\/p>\n<p class=\"p1\" style=\"text-align: right;\">\u00c9 inspirador ver o n\u00famero de bolsistas crescendo ano a ano. Na foto acima: bolsistas 2020-21. Na foto abaixo: bolsistas 2021-22<\/p>\n<p>[\/et_pb_text][\/et_pb_column][\/et_pb_row][\/et_pb_section][et_pb_section fb_built=&#8221;1&#8243; _builder_version=&#8221;4.19.5&#8243; _module_preset=&#8221;default&#8221; custom_padding=&#8221;20px||20px||false|false&#8221; global_module=&#8221;684&#8243; saved_tabs=&#8221;all&#8221; locked=&#8221;off&#8221; global_colors_info=&#8221;{}&#8221;][et_pb_row _builder_version=&#8221;4.19.4&#8243; _module_preset=&#8221;default&#8221; global_colors_info=&#8221;{}&#8221;][et_pb_column type=&#8221;4_4&#8243; _builder_version=&#8221;4.19.4&#8243; _module_preset=&#8221;default&#8221; global_colors_info=&#8221;{}&#8221;][et_pb_post_nav prev_text=&#8221;anterior&#8221; next_text=&#8221;pr\u00f3ximo&#8221; _builder_version=&#8221;4.19.4&#8243; _module_preset=&#8221;default&#8221; title_font=&#8221;Archer Semibold|||on|||||&#8221; title_text_color=&#8221;#9E9E9E&#8221; title_font_size=&#8221;16px&#8221; global_colors_info=&#8221;{}&#8221;][\/et_pb_post_nav][\/et_pb_column][\/et_pb_row][\/et_pb_section][et_pb_section fb_built=&#8221;1&#8243; admin_label=&#8221;Footer&#8221; _builder_version=&#8221;4.19.4&#8243; _module_preset=&#8221;default&#8221; background_color=&#8221;#A70433&#8243; custom_margin=&#8221;0px||||false|false&#8221; custom_padding=&#8221;15px||35px||false|false&#8221; global_module=&#8221;251&#8243; saved_tabs=&#8221;all&#8221; locked=&#8221;off&#8221; global_colors_info=&#8221;{}&#8221;][et_pb_row column_structure=&#8221;1_3,1_3,1_3&#8243; make_equal=&#8221;on&#8221; _builder_version=&#8221;4.19.4&#8243; _module_preset=&#8221;default&#8221; custom_padding=&#8221;||0px|||&#8221; global_colors_info=&#8221;{}&#8221;][et_pb_column type=&#8221;1_3&#8243; _builder_version=&#8221;4.19.4&#8243; _module_preset=&#8221;default&#8221; custom_padding=&#8221;0px||||false|false&#8221; global_colors_info=&#8221;{}&#8221;][et_pb_image src=&#8221;https:\/\/port.fundacaostpauls.org.br\/relatorioanual\/wp-content\/uploads\/2022\/12\/stpauls_marca_branca.png&#8221; title_text=&#8221;stpauls_marca_branca&#8221; _builder_version=&#8221;4.19.4&#8243; _module_preset=&#8221;default&#8221; width=&#8221;50%&#8221; width_tablet=&#8221;30%&#8221; width_phone=&#8221;50%&#8221; width_last_edited=&#8221;on|desktop&#8221; module_alignment=&#8221;left&#8221; module_alignment_tablet=&#8221;center&#8221; module_alignment_phone=&#8221;&#8221; module_alignment_last_edited=&#8221;on|tablet&#8221; global_colors_info=&#8221;{}&#8221;][\/et_pb_image][\/et_pb_column][et_pb_column type=&#8221;1_3&#8243; _builder_version=&#8221;4.19.4&#8243; _module_preset=&#8221;default&#8221; background_color=&#8221;RGBA(255,255,255,0)&#8221; custom_padding=&#8221;0px|0px|0px|0px|true|true&#8221; global_colors_info=&#8221;{}&#8221;][et_pb_blurb title=&#8221;Endere\u00e7o&#8221; _builder_version=&#8221;4.19.5&#8243; _module_preset=&#8221;default&#8221; header_font=&#8221;Archer Semibold||||||||&#8221; header_font_size=&#8221;20px&#8221; header_line_height=&#8221;1.5em&#8221; body_font=&#8221;Archer Book||||||||&#8221; body_font_size=&#8221;18px&#8221; body_line_height=&#8221;23px&#8221; background_layout=&#8221;dark&#8221; custom_margin=&#8221;0px||||false|false&#8221; custom_padding=&#8221;0px||||false|false&#8221; header_text_align_tablet=&#8221;center&#8221; header_text_align_phone=&#8221;center&#8221; header_text_align_last_edited=&#8221;on|tablet&#8221; header_font_size_tablet=&#8221;20px&#8221; header_font_size_phone=&#8221;18px&#8221; header_font_size_last_edited=&#8221;on|phone&#8221; header_line_height_tablet=&#8221;&#8221; header_line_height_phone=&#8221;1.8em&#8221; header_line_height_last_edited=&#8221;on|phone&#8221; body_text_align_tablet=&#8221;center&#8221; body_text_align_phone=&#8221;center&#8221; body_text_align_last_edited=&#8221;on|phone&#8221; body_font_size_tablet=&#8221;&#8221; body_font_size_phone=&#8221;14px&#8221; body_font_size_last_edited=&#8221;on|phone&#8221; locked=&#8221;off&#8221; global_colors_info=&#8221;{}&#8221;]<\/p>\n<p class=\"p1\">Rua Juqui\u00e1, 166<br \/>Jardim Paulistano<br \/>S\u00e3o Paulo SP<br \/>+55 11 3087-3393<\/p>\n<p>[\/et_pb_blurb][\/et_pb_column][et_pb_column type=&#8221;1_3&#8243; _builder_version=&#8221;4.19.4&#8243; _module_preset=&#8221;default&#8221; custom_padding=&#8221;0px|0px|0px|0px|true|true&#8221; border_color_all=&#8221;RGBA(255,255,255,0)&#8221; global_colors_info=&#8221;{}&#8221;][et_pb_blurb title=&#8221;Contato&#8221; _builder_version=&#8221;4.19.4&#8243; _module_preset=&#8221;default&#8221; header_font=&#8221;Archer Semibold||||||||&#8221; header_font_size=&#8221;20px&#8221; header_line_height=&#8221;1.5em&#8221; body_font=&#8221;Archer Book||||||||&#8221; body_font_size=&#8221;18px&#8221; body_line_height=&#8221;23px&#8221; background_layout=&#8221;dark&#8221; custom_margin=&#8221;0px||||false|false&#8221; custom_padding=&#8221;0px||||false|false&#8221; header_text_align_tablet=&#8221;center&#8221; header_text_align_phone=&#8221;center&#8221; header_text_align_last_edited=&#8221;on|phone&#8221; header_font_size_tablet=&#8221;20px&#8221; header_font_size_phone=&#8221;18px&#8221; header_font_size_last_edited=&#8221;on|phone&#8221; header_line_height_tablet=&#8221;&#8221; header_line_height_phone=&#8221;1.8em&#8221; header_line_height_last_edited=&#8221;on|phone&#8221; body_text_align_tablet=&#8221;center&#8221; body_text_align_phone=&#8221;center&#8221; body_text_align_last_edited=&#8221;on|tablet&#8221; body_font_size_tablet=&#8221;&#8221; body_font_size_phone=&#8221;14px&#8221; body_font_size_last_edited=&#8221;on|phone&#8221; locked=&#8221;off&#8221; global_colors_info=&#8221;{}&#8221;]<\/p>\n<p><a href=\"mailto:contato@fundacaostpauls.org.br\">contato@fundacaostpauls.org.br<\/a><br \/><a href=\"https:\/\/port.fundacaostpauls.org.br\/\" target=\"_blank\" rel=\"noopener\">fundacaostpauls.org.br<\/a><\/p>\n<p>[\/et_pb_blurb][et_pb_social_media_follow icon_color=&#8221;#FFFFFF&#8221; _builder_version=&#8221;4.19.4&#8243; _module_preset=&#8221;default&#8221; text_orientation=&#8221;left&#8221; text_orientation_tablet=&#8221;center&#8221; text_orientation_phone=&#8221;center&#8221; text_orientation_last_edited=&#8221;on|desktop&#8221; global_colors_info=&#8221;{}&#8221;][et_pb_social_media_follow_network social_network=&#8221;facebook&#8221; url=&#8221;https:\/\/www.facebook.com\/fundacaostpauls\/&#8221; icon_color=&#8221;#FFFFFF&#8221; _builder_version=&#8221;4.19.4&#8243; _module_preset=&#8221;default&#8221; background_color=&#8221;RGBA(255,255,255,0)&#8221; background_enable_color=&#8221;on&#8221; global_colors_info=&#8221;{}&#8221; follow_button=&#8221;off&#8221; url_new_window=&#8221;on&#8221;]facebook[\/et_pb_social_media_follow_network][et_pb_social_media_follow_network social_network=&#8221;instagram&#8221; url=&#8221;https:\/\/www.instagram.com\/fundacaostpauls\/&#8221; _builder_version=&#8221;4.19.4&#8243; _module_preset=&#8221;default&#8221; background_color=&#8221;RGBA(255,255,255,0)&#8221; background_enable_color=&#8221;on&#8221; global_colors_info=&#8221;{}&#8221; follow_button=&#8221;off&#8221; url_new_window=&#8221;on&#8221;]instagram[\/et_pb_social_media_follow_network][et_pb_social_media_follow_network social_network=&#8221;linkedin&#8221; url=&#8221;https:\/\/www.linkedin.com\/company\/fundacaostpauls&#8221; _builder_version=&#8221;4.19.4&#8243; _module_preset=&#8221;default&#8221; background_color=&#8221;RGBA(255,255,255,0)&#8221; background_enable_color=&#8221;on&#8221; global_colors_info=&#8221;{}&#8221; follow_button=&#8221;off&#8221; url_new_window=&#8221;on&#8221;]linkedin[\/et_pb_social_media_follow_network][et_pb_social_media_follow_network social_network=&#8221;youtube&#8221; url=&#8221;https:\/\/www.youtube.com\/@user-lg6dg1hx1r&#8221; _builder_version=&#8221;4.19.4&#8243; _module_preset=&#8221;default&#8221; background_color=&#8221;RGBA(255,255,255,0)&#8221; background_enable_color=&#8221;on&#8221; global_colors_info=&#8221;{}&#8221; follow_button=&#8221;off&#8221; url_new_window=&#8221;on&#8221;]youtube[\/et_pb_social_media_follow_network][\/et_pb_social_media_follow][\/et_pb_column][\/et_pb_row][\/et_pb_section][et_pb_section fb_built=&#8221;1&#8243; _builder_version=&#8221;4.19.4&#8243; _module_preset=&#8221;default&#8221; custom_margin=&#8221;0px||0px||false|false&#8221; custom_padding=&#8221;0px||0px||false|false&#8221; global_module=&#8221;776&#8243; saved_tabs=&#8221;all&#8221; locked=&#8221;off&#8221; global_colors_info=&#8221;{}&#8221;][et_pb_row _builder_version=&#8221;4.19.5&#8243; _module_preset=&#8221;default&#8221; custom_margin=&#8221;0px||0px||false|false&#8221; custom_padding=&#8221;10px||10px||false|false&#8221; global_colors_info=&#8221;{}&#8221;][et_pb_column type=&#8221;4_4&#8243; _builder_version=&#8221;4.19.4&#8243; _module_preset=&#8221;default&#8221; global_colors_info=&#8221;{}&#8221;][et_pb_text _builder_version=&#8221;4.19.5&#8243; _module_preset=&#8221;default&#8221; text_orientation_tablet=&#8221;center&#8221; text_orientation_phone=&#8221;center&#8221; text_orientation_last_edited=&#8221;on|desktop&#8221; global_colors_info=&#8221;{}&#8221;]<\/p>\n<p><span>\u00a9 2023 St. Paul&#8217;s. Desenvolvido por <a href=\"https:\/\/tresdesign.studio\/\" target=\"_blank\" rel=\"noopener\">tr\u00eas design<\/a><\/span><\/p>\n<p>[\/et_pb_text][\/et_pb_column][\/et_pb_row][\/et_pb_section]<\/p>\n","protected":false},"excerpt":{"rendered":"<p>Em junho, demos a boa not\u00edcia a essas 10 fam\u00edlias cujos filhos se tornaram bolsistas em 2022. Na foto, grupo se encontra para processo de integra\u00e7\u00e3oCarolina Righi Gerente geral da Funda\u00e7\u00e3o St. Paul\u2019sTrabalho \u00e1rduo e celebra\u00e7\u00f5esA minha chegada \u00e0 Funda\u00e7\u00e3o St. Paul&#8217;s aconteceu junto com o come\u00e7o do ano escolar, e rapidamente percebi o tamanho [&hellip;]<\/p>\n","protected":false},"author":2,"featured_media":0,"parent":0,"menu_order":9,"comment_status":"closed","ping_status":"closed","template":"page-template-blank.php","meta":{"_et_pb_use_builder":"on","_et_pb_old_content":"","_et_gb_content_width":"","footnotes":""},"class_list":["post-101","page","type-page","status-publish","hentry"],"_links":{"self":[{"href":"https:\/\/port.fundacaostpauls.org.br\/relatorioanual\/wp-json\/wp\/v2\/pages\/101","targetHints":{"allow":["GET"]}}],"collection":[{"href":"https:\/\/port.fundacaostpauls.org.br\/relatorioanual\/wp-json\/wp\/v2\/pages"}],"about":[{"href":"https:\/\/port.fundacaostpauls.org.br\/relatorioanual\/wp-json\/wp\/v2\/types\/page"}],"author":[{"embeddable":true,"href":"https:\/\/port.fundacaostpauls.org.br\/relatorioanual\/wp-json\/wp\/v2\/users\/2"}],"replies":[{"embeddable":true,"href":"https:\/\/port.fundacaostpauls.org.br\/relatorioanual\/wp-json\/wp\/v2\/comments?post=101"}],"version-history":[{"count":28,"href":"https:\/\/port.fundacaostpauls.org.br\/relatorioanual\/wp-json\/wp\/v2\/pages\/101\/revisions"}],"predecessor-version":[{"id":111485,"href":"https:\/\/port.fundacaostpauls.org.br\/relatorioanual\/wp-json\/wp\/v2\/pages\/101\/revisions\/111485"}],"wp:attachment":[{"href":"https:\/\/port.fundacaostpauls.org.br\/relatorioanual\/wp-json\/wp\/v2\/media?parent=101"}],"curies":[{"name":"wp","href":"https:\/\/api.w.org\/{rel}","templated":true}]}}